{"id":5437,"date":"2024-12-13T03:09:50","date_gmt":"2024-12-13T03:09:50","guid":{"rendered":"https:\/\/test.newcreationtv.org\/fr\/?page_id=5437"},"modified":"2025-06-30T16:39:09","modified_gmt":"2025-06-30T08:39:09","slug":"mentions-legales","status":"publish","type":"page","link":"https:\/\/test.newcreationtv.org\/fr\/mentions-legales\/","title":{"rendered":"Mentions l\u00e9gales"},"content":{"rendered":"\t\t<div data-elementor-type=\"wp-page\" data-elementor-id=\"5437\" class=\"elementor elementor-5437\" data-elementor-post-type=\"page\">\n\t\t\t\t<div class=\"elementor-element elementor-element-9b468ee e-flex e-con-boxed e-con e-parent\" data-id=\"9b468ee\" data-element_type=\"container\" data-e-type=\"container\">\n\t\t\t\t\t<div class=\"e-con-inner\">\n\t\t\t\t<div class=\"elementor-element elementor-element-55f2846 elementor-widget elementor-widget-text-editor\" data-id=\"55f2846\" data-element_type=\"widget\" data-e-type=\"widget\" data-widget_type=\"text-editor.default\">\n\t\t\t\t<div class=\"elementor-widget-container\">\n\t\t\t\t\t\t\t\t\t<div class=\"page-header text-center\"><h2 itemprop=\"headline\" class=\"text-theme-primary\"><strong>MENTIONS L\u00c9GALES<br \/><\/strong><\/h2><\/div><p>\u00c0 travers \u00e0 New Creation TV, New Creation Church diffuse les sermons de nos cultes \u00e0 des millions de foyers dans le monde entier.<\/p><p>New Creation Church est une \u00e9glise ind\u00e9pendante et non confessionnelle, membre du National Council of Churches of Singapore (Conseil national des \u00e9glises de Singapour). New Creation Church est une association \u00e0 but non lucratif enregistr\u00e9e \u00e0 Singapour.<\/p><p>Directeur g\u00e9n\u00e9ral: Gideon Lim<br \/>Responsable du contenu: Dorothy Ng<br \/>Enregistrement de l\u2019\u00c9glise de Singapour, Num\u00e9ro d\u2019entit\u00e9 unique (UEN): S84SS0112C<\/p><p>H\u00e9bergement du site internet:<br \/>Le site internet de New Creation TV est h\u00e9berg\u00e9 par Amazon Web Services Singapore Private Limited.<br \/>23 Church Street, Capital Square,<br \/>Unit 10-01 to 10-04,<br \/>Singapore 049481<\/p><p>Pour plus d&#8217;informations ou des questions sur New Creation TV, veuillez nous contacter par e-mail (fran\u00e7ais et anglais) ou par t\u00e9l\u00e9phone (anglais uniquement) :<\/p><p><strong>Email<\/strong>: <a href=\"https:\/\/test.newcreationtv.org\/fr\/vous-avez-une-question\/\" target=\"_blank\" rel=\"noopener\">https:\/\/newcreationtv.org\/fr\/vous-avez-une-question\/<\/a><br \/><strong>Tel<\/strong>: (+65) 6338 4565<br \/><strong>Fax<\/strong>: (+65) 6338 5190<\/p><p>Adresse postale :<br \/>New Creation TV<br \/>New Creation Church<br \/>51 Cuppage Road, #09-01<br \/>229469 Singapore<\/p><p>Heures d&#8217;ouverture : Lundi \u2013 Vendredi, 9h00 \u2013 18h00 (fuseau horaire de Singapour)<\/p><h5><strong>Propri\u00e9t\u00e9 intellectuelle<\/strong><\/h5><p>Toute reproduction est interdite sans autorisation.<\/p><p>Tous les textes, photos, vid\u00e9os, logos et autres \u00e9l\u00e9ments reproduits sur ce site sont prot\u00e9g\u00e9s par les lois relatives au droit d&#8217;auteur et au droit des marques, conform\u00e9ment aux r\u00e8gles de Singapour et au droit international.<\/p><h5><strong>Les liens profonds<\/strong><\/h5><p>Les liens vers les pages du site NewCreationTV.org sont autoris\u00e9s. Cependant, les liens profonds ou le cadrage ne sont pas autoris\u00e9s sans l&#8217;autorisation de New Creation TV.<\/p><h5><strong>D\u00e9claration de non-affiliation<\/strong><\/h5><p>En dehors de ceux sp\u00e9cifiquement mentionn\u00e9s sur notre site web ou dans nos communications officielles, nous ne sommes affili\u00e9s \u00e0 aucune \u00e9glise, minist\u00e8re, organisation, mouvement ou plateforme num\u00e9rique, qu\u2019ils soient locaux ou \u00e9trangers. Tout individu, \u00e9glise, organisation ou groupe pr\u00e9tendant \u00eatre affili\u00e9 \u00e0 nous (et\/ou \u00e0 notre pasteur principal Joseph Prince) le fait \u00e0 notre insu et sans notre autorisation et ne nous repr\u00e9sente pas.<\/p><p>Si un individu, une \u00e9glise, une organisation ou un groupe revendique une affiliation ou un soutien de notre part (et\/ou du Joseph Prince) et\/ou utilise cette revendication pour collecter des fonds ou faire de la publicit\u00e9 pour leurs \u00e9v\u00e9nements, veuillez nous informer imm\u00e9diatement \u00e0 l\u2019adresse : <a href=\"https:\/\/test.newcreationtv.org\/fr\/vous-avez-une-question\/\" target=\"_blank\" rel=\"noopener\">https:\/\/newcreationtv.org\/fr\/vous-avez-une-question\/<\/a>.<\/p>\t\t\t\t\t\t\t\t<\/div>\n\t\t\t\t<\/div>\n\t\t\t\t\t<\/div>\n\t\t\t\t<\/div>\n\t\t\t\t<\/div>\n\t\t","protected":false},"excerpt":{"rendered":"<p>MENTIONS L\u00c9GALES \u00c0 travers \u00e0 New Creation TV, New Creation Church diffuse les sermons de nos cultes \u00e0 des millions de foyers dans le monde entier. New Creation Church est une \u00e9glise ind\u00e9pendante et non confessionnelle, membre du National Council of Churches of Singapore (Conseil national des \u00e9glises de Singapour). New Creation Church est une [&hellip;]<\/p>\n","protected":false},"author":2,"featured_media":0,"parent":0,"menu_order":0,"comment_status":"closed","ping_status":"closed","template":"","meta":{"footnotes":"","_links_to":"","_links_to_target":""},"class_list":["post-5437","page","type-page","status-publish","hentry"],"yoast_head":"<!-- This site is optimized with the Yoast SEO plugin v26.1.1 - https:\/\/yoast.com\/wordpress\/plugins\/seo\/ -->\n<title>Mentions l\u00e9gales - New Creation TV Fran\u00e7ais<\/title>\n<meta name=\"robots\" content=\"index, follow, max-snippet:-1, max-image-preview:large, max-video-preview:-1\" \/>\n<link rel=\"canonical\" href=\"https:\/\/test.newcreationtv.org\/fr\/mentions-legales\/\" \/>\n<meta property=\"og:locale\" content=\"en_US\" \/>\n<meta property=\"og:type\" content=\"article\" \/>\n<meta property=\"og:title\" content=\"Mentions l\u00e9gales - New Creation TV Fran\u00e7ais\" \/>\n<meta property=\"og:description\" content=\"MENTIONS L\u00c9GALES \u00c0 travers \u00e0 New Creation TV, New Creation Church diffuse les sermons de nos cultes \u00e0 des millions de foyers dans le monde entier. New Creation Church est une \u00e9glise ind\u00e9pendante et non confessionnelle, membre du National Council of Churches of Singapore (Conseil national des \u00e9glises de Singapour). New Creation Church est une [&hellip;]\" \/>\n<meta property=\"og:url\" content=\"https:\/\/test.newcreationtv.org\/fr\/mentions-legales\/\" \/>\n<meta property=\"og:site_name\" content=\"New Creation TV Fran\u00e7ais\" \/>\n<meta property=\"article:modified_time\" content=\"2025-06-30T08:39:09+00:00\" \/>\n<meta name=\"twitter:card\" content=\"summary_large_image\" \/>\n<meta name=\"twitter:label1\" content=\"Est. reading time\" \/>\n\t<meta name=\"twitter:data1\" content=\"2 minutes\" \/>\n<script type=\"application\/ld+json\" class=\"yoast-schema-graph\">{\"@context\":\"https:\/\/schema.org\",\"@graph\":[{\"@type\":\"WebPage\",\"@id\":\"https:\/\/test.newcreationtv.org\/fr\/mentions-legales\/\",\"url\":\"https:\/\/test.newcreationtv.org\/fr\/mentions-legales\/\",\"name\":\"Mentions l\u00e9gales - New Creation TV Fran\u00e7ais\",\"isPartOf\":{\"@id\":\"https:\/\/test.newcreationtv.org\/fr\/#website\"},\"datePublished\":\"2024-12-13T03:09:50+00:00\",\"dateModified\":\"2025-06-30T08:39:09+00:00\",\"breadcrumb\":{\"@id\":\"https:\/\/test.newcreationtv.org\/fr\/mentions-legales\/#breadcrumb\"},\"inLanguage\":\"en-US\",\"potentialAction\":[{\"@type\":\"ReadAction\",\"target\":[\"https:\/\/test.newcreationtv.org\/fr\/mentions-legales\/\"]}]},{\"@type\":\"BreadcrumbList\",\"@id\":\"https:\/\/test.newcreationtv.org\/fr\/mentions-legales\/#breadcrumb\",\"itemListElement\":[{\"@type\":\"ListItem\",\"position\":1,\"name\":\"Home\",\"item\":\"https:\/\/test.newcreationtv.org\/fr\/\"},{\"@type\":\"ListItem\",\"position\":2,\"name\":\"Mentions l\u00e9gales\"}]},{\"@type\":\"WebSite\",\"@id\":\"https:\/\/test.newcreationtv.org\/fr\/#website\",\"url\":\"https:\/\/test.newcreationtv.org\/fr\/\",\"name\":\"New Creation TV Fran\u00e7ais\",\"description\":\"\",\"potentialAction\":[{\"@type\":\"SearchAction\",\"target\":{\"@type\":\"EntryPoint\",\"urlTemplate\":\"https:\/\/test.newcreationtv.org\/fr\/?s={search_term_string}\"},\"query-input\":{\"@type\":\"PropertyValueSpecification\",\"valueRequired\":true,\"valueName\":\"search_term_string\"}}],\"inLanguage\":\"en-US\"}]}<\/script>\n<!-- \/ Yoast SEO plugin. -->","yoast_head_json":{"title":"Mentions l\u00e9gales - New Creation TV Fran\u00e7ais","robots":{"index":"index","follow":"follow","max-snippet":"max-snippet:-1","max-image-preview":"max-image-preview:large","max-video-preview":"max-video-preview:-1"},"canonical":"https:\/\/test.newcreationtv.org\/fr\/mentions-legales\/","og_locale":"en_US","og_type":"article","og_title":"Mentions l\u00e9gales - New Creation TV Fran\u00e7ais","og_description":"MENTIONS L\u00c9GALES \u00c0 travers \u00e0 New Creation TV, New Creation Church diffuse les sermons de nos cultes \u00e0 des millions de foyers dans le monde entier. New Creation Church est une \u00e9glise ind\u00e9pendante et non confessionnelle, membre du National Council of Churches of Singapore (Conseil national des \u00e9glises de Singapour). New Creation Church est une [&hellip;]","og_url":"https:\/\/test.newcreationtv.org\/fr\/mentions-legales\/","og_site_name":"New Creation TV Fran\u00e7ais","article_modified_time":"2025-06-30T08:39:09+00:00","twitter_card":"summary_large_image","twitter_misc":{"Est. reading time":"2 minutes"},"schema":{"@context":"https:\/\/schema.org","@graph":[{"@type":"WebPage","@id":"https:\/\/test.newcreationtv.org\/fr\/mentions-legales\/","url":"https:\/\/test.newcreationtv.org\/fr\/mentions-legales\/","name":"Mentions l\u00e9gales - New Creation TV Fran\u00e7ais","isPartOf":{"@id":"https:\/\/test.newcreationtv.org\/fr\/#website"},"datePublished":"2024-12-13T03:09:50+00:00","dateModified":"2025-06-30T08:39:09+00:00","breadcrumb":{"@id":"https:\/\/test.newcreationtv.org\/fr\/mentions-legales\/#breadcrumb"},"inLanguage":"en-US","potentialAction":[{"@type":"ReadAction","target":["https:\/\/test.newcreationtv.org\/fr\/mentions-legales\/"]}]},{"@type":"BreadcrumbList","@id":"https:\/\/test.newcreationtv.org\/fr\/mentions-legales\/#breadcrumb","itemListElement":[{"@type":"ListItem","position":1,"name":"Home","item":"https:\/\/test.newcreationtv.org\/fr\/"},{"@type":"ListItem","position":2,"name":"Mentions l\u00e9gales"}]},{"@type":"WebSite","@id":"https:\/\/test.newcreationtv.org\/fr\/#website","url":"https:\/\/test.newcreationtv.org\/fr\/","name":"New Creation TV Fran\u00e7ais","description":"","potentialAction":[{"@type":"SearchAction","target":{"@type":"EntryPoint","urlTemplate":"https:\/\/test.newcreationtv.org\/fr\/?s={search_term_string}"},"query-input":{"@type":"PropertyValueSpecification","valueRequired":true,"valueName":"search_term_string"}}],"inLanguage":"en-US"}]}},"_links":{"self":[{"href":"https:\/\/test.newcreationtv.org\/fr\/wp-json\/wp\/v2\/pages\/5437","targetHints":{"allow":["GET"]}}],"collection":[{"href":"https:\/\/test.newcreationtv.org\/fr\/wp-json\/wp\/v2\/pages"}],"about":[{"href":"https:\/\/test.newcreationtv.org\/fr\/wp-json\/wp\/v2\/types\/page"}],"author":[{"embeddable":true,"href":"https:\/\/test.newcreationtv.org\/fr\/wp-json\/wp\/v2\/users\/2"}],"replies":[{"embeddable":true,"href":"https:\/\/test.newcreationtv.org\/fr\/wp-json\/wp\/v2\/comments?post=5437"}],"version-history":[{"count":93,"href":"https:\/\/test.newcreationtv.org\/fr\/wp-json\/wp\/v2\/pages\/5437\/revisions"}],"predecessor-version":[{"id":11807,"href":"https:\/\/test.newcreationtv.org\/fr\/wp-json\/wp\/v2\/pages\/5437\/revisions\/11807"}],"wp:attachment":[{"href":"https:\/\/test.newcreationtv.org\/fr\/wp-json\/wp\/v2\/media?parent=5437"}],"curies":[{"name":"wp","href":"https:\/\/api.w.org\/{rel}","templated":true}]}}