{"id":5432,"date":"2024-12-05T03:53:18","date_gmt":"2024-12-05T03:53:18","guid":{"rendered":"https:\/\/test.newcreationtv.org\/fr\/?page_id=5432"},"modified":"2025-05-14T11:22:17","modified_gmt":"2025-05-14T03:22:17","slug":"politique-relative-aux-cookies","status":"publish","type":"page","link":"https:\/\/test.newcreationtv.org\/fr\/politique-relative-aux-cookies\/","title":{"rendered":"Politique relative aux cookies"},"content":{"rendered":"\t\t<div data-elementor-type=\"wp-page\" data-elementor-id=\"5432\" class=\"elementor elementor-5432\" data-elementor-post-type=\"page\">\n\t\t\t\t<div class=\"elementor-element elementor-element-9b468ee e-flex e-con-boxed e-con e-parent\" data-id=\"9b468ee\" data-element_type=\"container\" data-e-type=\"container\">\n\t\t\t\t\t<div class=\"e-con-inner\">\n\t\t\t\t<div class=\"elementor-element elementor-element-55f2846 elementor-widget elementor-widget-text-editor\" data-id=\"55f2846\" data-element_type=\"widget\" data-e-type=\"widget\" data-widget_type=\"text-editor.default\">\n\t\t\t\t<div class=\"elementor-widget-container\">\n\t\t\t\t\t\t\t\t\t<div class=\"page-header text-center\"><h2 itemprop=\"headline\" class=\"text-theme-primary\">POLITIQUE RELATIVE AUX COOKIES<\/h2><p>\u00a0<\/p><\/div><h5><strong>1. QU\u2019EST-CE QU\u2019UN COOKIE<\/strong><\/h5><p>Un cookie est une petite quantit\u00e9 de donn\u00e9es envoy\u00e9e \u00e0 votre navigateur et stock\u00e9e sur votre ordinateur sous la forme d&#8217;un fichier texte. Les cookies contiennent une petite quantit\u00e9 d&#8217;informations qui vous sont propres et m\u00e9morisent vos activit\u00e9s sp\u00e9cifiques sur notre site Internet. Il peut s&#8217;agir d&#8217;informations sur la mani\u00e8re dont vous utilisez notre site Internet, sur le choix de votre navigateur Internet, sur le type d&#8217;appareil \u00e0 partir duquel vous acc\u00e9dez \u00e0 notre site Internet et sur l&#8217;endroit o\u00f9 vous vous trouvez dans le monde.<\/p><h5><strong>2. COMMENT NOUS LES UTILISONS SUR NOTRE SITE INTERNET<\/strong><\/h5><p>Pour profiter pleinement de notre site Internet, nous vous recommandons d&#8217;autoriser votre navigateur \u00e0 accepter les cookies. Si vous refusez les cookies, il se peut que vous ne puissiez pas acc\u00e9der \u00e0 certaines fonctionnalit\u00e9s du site. Les donn\u00e9es des cookies que nous collectons peuvent \u00eatre utilis\u00e9es pour personnaliser le contenu de notre site Internet et pour nous aider \u00e0 comprendre les besoins actuels et futurs des visiteurs.<\/p><h5><strong>3. TYPES DE COOKIES<\/strong><\/h5><p>Nous travaillons avec un certain nombre de fournisseurs tiers qui implantent des cookies sur notre site Internet pour leur permettre de nous fournir des services. Ces cookies sont principalement utilis\u00e9s \u00e0 des fins de rapport afin que nous puissions am\u00e9liorer notre fa\u00e7on de communiquer.<\/p><p><span style=\"text-decoration: underline;\"><strong>Cookies de tiers<\/strong><\/span><\/p><p>Notre site Internet peut contenir des pages dot\u00e9es de fonctions int\u00e9gr\u00e9es, d&#8217;outils de m\u00e9dias sociaux ou de liens fournis par des tiers (par exemple : des vid\u00e9os int\u00e9gr\u00e9es \u00e0 partir de YouTube). Ces fonctions ou liens peuvent contenir des cookies de tiers. Nous ne contr\u00f4lons pas la configuration de ces cookies, nous vous sugg\u00e9rons donc de consulter le site Internet du tiers pour plus d&#8217;informations sur ces cookies et sur la mani\u00e8re de les g\u00e9rer.<\/p><p><span style=\"text-decoration: underline;\"><strong>Google Analytics<\/strong><\/span><\/p><p>Nous utilisons \u00e9galement Google Analytics pour nous aider \u00e0 suivre l&#8217;utilisation de notre site Internet. Google utilise les donn\u00e9es collect\u00e9es pour suivre et examiner l&#8217;utilisation de notre site Internet, ce qui permet de pr\u00e9parer des rapports sur ces activit\u00e9s et de les partager avec d&#8217;autres services Google. Google peut utiliser les donn\u00e9es collect\u00e9es pour contextualiser et personnaliser la publicit\u00e9 sur son propre r\u00e9seau. Les informations collect\u00e9es par ces cookies sont agr\u00e9g\u00e9es et ne peuvent pas \u00eatre utilis\u00e9es pour vous identifier personnellement. Pour plus de d\u00e9tails, veuillez consulter les <span style=\"text-decoration: underline;\"><a href=\"https:\/\/policies.google.com\/privacy\" target=\"_blank\" rel=\"noopener\">r\u00e8gles de confidentialit\u00e9 de Google<\/a><\/span>.<\/p><p>Comme certains de ces services peuvent \u00eatre bas\u00e9s en dehors de l&#8217;Union europ\u00e9enne (UE), ils peuvent ne pas relever de la juridiction des tribunaux de l&#8217;UE. Si cela vous pr\u00e9occupe, vous pouvez modifier vos param\u00e8tres en mati\u00e8re de cookies.<\/p><h5><strong>4. GESTION DES COOKIES<\/strong><\/h5><p><span style=\"text-decoration: underline;\"><strong>Navigateur<\/strong><\/span><\/p><p>La plupart des navigateurs vous permettent de d\u00e9sactiver la fonction \u201ccookies\u201d. Pour ce faire, vous pouvez vous r\u00e9f\u00e9rer aux liens ci-dessous pour obtenir le guide de chaque navigateur sur la mani\u00e8re d&#8217;interdire ou de supprimer les cookies.<\/p><ul><li><a href=\"https:\/\/support.google.com\/chrome\/answer\/95647?co=GENIE.Platform=Desktop&amp;hl=en\" target=\"_blank\" rel=\"noopener\">Chrome<\/a><\/li><li><a href=\"https:\/\/support.mozilla.org\/en-US\/kb\/cookies-information-websites-store-on-your-computer\" target=\"_blank\" rel=\"noopener\">Firefox<\/a><\/li><li><a href=\"https:\/\/support.microsoft.com\/en-us\/help\/17442\/windows-internet-explorer-delete-manage-cookies#ie=ie-11\" target=\"_blank\" rel=\"noopener\">Internet Explorer<\/a><\/li><li><a href=\"https:\/\/support.apple.com\/en-sg\/guide\/safari\/sfri11471\/mac\" target=\"_blank\" rel=\"noopener\">Safari<\/a><\/li><\/ul><p><span style=\"text-decoration: underline;\"><strong>Google Analytics<\/strong><\/span><\/p><p>Pour d\u00e9sactiver Google Analytics, vous pouvez t\u00e9l\u00e9charger un plugin de d\u00e9sactivation <span style=\"text-decoration: underline;\"><a href=\"https:\/\/tools.google.com\/dlpage\/gaoptout\" target=\"_blank\" rel=\"noopener\">ici<\/a><\/span>. Ce plugin exclura votre visite des statistiques de tous les sites Internet utilisant Google Analytics.<\/p>\t\t\t\t\t\t\t\t<\/div>\n\t\t\t\t<\/div>\n\t\t\t\t\t<\/div>\n\t\t\t\t<\/div>\n\t\t\t\t<\/div>\n\t\t","protected":false},"excerpt":{"rendered":"<p>POLITIQUE RELATIVE AUX COOKIES \u00a0 1. QU\u2019EST-CE QU\u2019UN COOKIE Un cookie est une petite quantit\u00e9 de donn\u00e9es envoy\u00e9e \u00e0 votre navigateur et stock\u00e9e sur votre ordinateur sous la forme d&#8217;un fichier texte. Les cookies contiennent une petite quantit\u00e9 d&#8217;informations qui vous sont propres et m\u00e9morisent vos activit\u00e9s sp\u00e9cifiques sur notre site Internet. Il peut s&#8217;agir [&hellip;]<\/p>\n","protected":false},"author":2,"featured_media":0,"parent":0,"menu_order":0,"comment_status":"closed","ping_status":"closed","template":"","meta":{"footnotes":"","_links_to":"","_links_to_target":""},"class_list":["post-5432","page","type-page","status-publish","hentry"],"yoast_head":"<!-- This site is optimized with the Yoast SEO plugin v26.1.1 - https:\/\/yoast.com\/wordpress\/plugins\/seo\/ -->\n<title>Politique relative aux cookies - New Creation TV Fran\u00e7ais<\/title>\n<meta name=\"robots\" content=\"index, follow, max-snippet:-1, max-image-preview:large, max-video-preview:-1\" \/>\n<link rel=\"canonical\" href=\"https:\/\/test.newcreationtv.org\/fr\/politique-relative-aux-cookies\/\" \/>\n<meta property=\"og:locale\" content=\"en_US\" \/>\n<meta property=\"og:type\" content=\"article\" \/>\n<meta property=\"og:title\" content=\"Politique relative aux cookies - New Creation TV Fran\u00e7ais\" \/>\n<meta property=\"og:description\" content=\"POLITIQUE RELATIVE AUX COOKIES \u00a0 1. QU\u2019EST-CE QU\u2019UN COOKIE Un cookie est une petite quantit\u00e9 de donn\u00e9es envoy\u00e9e \u00e0 votre navigateur et stock\u00e9e sur votre ordinateur sous la forme d&#8217;un fichier texte. Les cookies contiennent une petite quantit\u00e9 d&#8217;informations qui vous sont propres et m\u00e9morisent vos activit\u00e9s sp\u00e9cifiques sur notre site Internet. Il peut s&#8217;agir [&hellip;]\" \/>\n<meta property=\"og:url\" content=\"https:\/\/test.newcreationtv.org\/fr\/politique-relative-aux-cookies\/\" \/>\n<meta property=\"og:site_name\" content=\"New Creation TV Fran\u00e7ais\" \/>\n<meta property=\"article:modified_time\" content=\"2025-05-14T03:22:17+00:00\" \/>\n<meta name=\"twitter:card\" content=\"summary_large_image\" \/>\n<meta name=\"twitter:label1\" content=\"Est. reading time\" \/>\n\t<meta name=\"twitter:data1\" content=\"3 minutes\" \/>\n<script type=\"application\/ld+json\" class=\"yoast-schema-graph\">{\"@context\":\"https:\/\/schema.org\",\"@graph\":[{\"@type\":\"WebPage\",\"@id\":\"https:\/\/test.newcreationtv.org\/fr\/politique-relative-aux-cookies\/\",\"url\":\"https:\/\/test.newcreationtv.org\/fr\/politique-relative-aux-cookies\/\",\"name\":\"Politique relative aux cookies - New Creation TV Fran\u00e7ais\",\"isPartOf\":{\"@id\":\"https:\/\/test.newcreationtv.org\/fr\/#website\"},\"datePublished\":\"2024-12-05T03:53:18+00:00\",\"dateModified\":\"2025-05-14T03:22:17+00:00\",\"breadcrumb\":{\"@id\":\"https:\/\/test.newcreationtv.org\/fr\/politique-relative-aux-cookies\/#breadcrumb\"},\"inLanguage\":\"en-US\",\"potentialAction\":[{\"@type\":\"ReadAction\",\"target\":[\"https:\/\/test.newcreationtv.org\/fr\/politique-relative-aux-cookies\/\"]}]},{\"@type\":\"BreadcrumbList\",\"@id\":\"https:\/\/test.newcreationtv.org\/fr\/politique-relative-aux-cookies\/#breadcrumb\",\"itemListElement\":[{\"@type\":\"ListItem\",\"position\":1,\"name\":\"Home\",\"item\":\"https:\/\/test.newcreationtv.org\/fr\/\"},{\"@type\":\"ListItem\",\"position\":2,\"name\":\"Politique relative aux cookies\"}]},{\"@type\":\"WebSite\",\"@id\":\"https:\/\/test.newcreationtv.org\/fr\/#website\",\"url\":\"https:\/\/test.newcreationtv.org\/fr\/\",\"name\":\"New Creation TV Fran\u00e7ais\",\"description\":\"\",\"potentialAction\":[{\"@type\":\"SearchAction\",\"target\":{\"@type\":\"EntryPoint\",\"urlTemplate\":\"https:\/\/test.newcreationtv.org\/fr\/?s={search_term_string}\"},\"query-input\":{\"@type\":\"PropertyValueSpecification\",\"valueRequired\":true,\"valueName\":\"search_term_string\"}}],\"inLanguage\":\"en-US\"}]}<\/script>\n<!-- \/ Yoast SEO plugin. -->","yoast_head_json":{"title":"Politique relative aux cookies - New Creation TV Fran\u00e7ais","robots":{"index":"index","follow":"follow","max-snippet":"max-snippet:-1","max-image-preview":"max-image-preview:large","max-video-preview":"max-video-preview:-1"},"canonical":"https:\/\/test.newcreationtv.org\/fr\/politique-relative-aux-cookies\/","og_locale":"en_US","og_type":"article","og_title":"Politique relative aux cookies - New Creation TV Fran\u00e7ais","og_description":"POLITIQUE RELATIVE AUX COOKIES \u00a0 1. QU\u2019EST-CE QU\u2019UN COOKIE Un cookie est une petite quantit\u00e9 de donn\u00e9es envoy\u00e9e \u00e0 votre navigateur et stock\u00e9e sur votre ordinateur sous la forme d&#8217;un fichier texte. Les cookies contiennent une petite quantit\u00e9 d&#8217;informations qui vous sont propres et m\u00e9morisent vos activit\u00e9s sp\u00e9cifiques sur notre site Internet. Il peut s&#8217;agir [&hellip;]","og_url":"https:\/\/test.newcreationtv.org\/fr\/politique-relative-aux-cookies\/","og_site_name":"New Creation TV Fran\u00e7ais","article_modified_time":"2025-05-14T03:22:17+00:00","twitter_card":"summary_large_image","twitter_misc":{"Est. reading time":"3 minutes"},"schema":{"@context":"https:\/\/schema.org","@graph":[{"@type":"WebPage","@id":"https:\/\/test.newcreationtv.org\/fr\/politique-relative-aux-cookies\/","url":"https:\/\/test.newcreationtv.org\/fr\/politique-relative-aux-cookies\/","name":"Politique relative aux cookies - New Creation TV Fran\u00e7ais","isPartOf":{"@id":"https:\/\/test.newcreationtv.org\/fr\/#website"},"datePublished":"2024-12-05T03:53:18+00:00","dateModified":"2025-05-14T03:22:17+00:00","breadcrumb":{"@id":"https:\/\/test.newcreationtv.org\/fr\/politique-relative-aux-cookies\/#breadcrumb"},"inLanguage":"en-US","potentialAction":[{"@type":"ReadAction","target":["https:\/\/test.newcreationtv.org\/fr\/politique-relative-aux-cookies\/"]}]},{"@type":"BreadcrumbList","@id":"https:\/\/test.newcreationtv.org\/fr\/politique-relative-aux-cookies\/#breadcrumb","itemListElement":[{"@type":"ListItem","position":1,"name":"Home","item":"https:\/\/test.newcreationtv.org\/fr\/"},{"@type":"ListItem","position":2,"name":"Politique relative aux cookies"}]},{"@type":"WebSite","@id":"https:\/\/test.newcreationtv.org\/fr\/#website","url":"https:\/\/test.newcreationtv.org\/fr\/","name":"New Creation TV Fran\u00e7ais","description":"","potentialAction":[{"@type":"SearchAction","target":{"@type":"EntryPoint","urlTemplate":"https:\/\/test.newcreationtv.org\/fr\/?s={search_term_string}"},"query-input":{"@type":"PropertyValueSpecification","valueRequired":true,"valueName":"search_term_string"}}],"inLanguage":"en-US"}]}},"_links":{"self":[{"href":"https:\/\/test.newcreationtv.org\/fr\/wp-json\/wp\/v2\/pages\/5432","targetHints":{"allow":["GET"]}}],"collection":[{"href":"https:\/\/test.newcreationtv.org\/fr\/wp-json\/wp\/v2\/pages"}],"about":[{"href":"https:\/\/test.newcreationtv.org\/fr\/wp-json\/wp\/v2\/types\/page"}],"author":[{"embeddable":true,"href":"https:\/\/test.newcreationtv.org\/fr\/wp-json\/wp\/v2\/users\/2"}],"replies":[{"embeddable":true,"href":"https:\/\/test.newcreationtv.org\/fr\/wp-json\/wp\/v2\/comments?post=5432"}],"version-history":[{"count":88,"href":"https:\/\/test.newcreationtv.org\/fr\/wp-json\/wp\/v2\/pages\/5432\/revisions"}],"predecessor-version":[{"id":11248,"href":"https:\/\/test.newcreationtv.org\/fr\/wp-json\/wp\/v2\/pages\/5432\/revisions\/11248"}],"wp:attachment":[{"href":"https:\/\/test.newcreationtv.org\/fr\/wp-json\/wp\/v2\/media?parent=5432"}],"curies":[{"name":"wp","href":"https:\/\/api.w.org\/{rel}","templated":true}]}}