{"id":227,"date":"2024-10-24T06:18:26","date_gmt":"2024-10-24T06:18:26","guid":{"rendered":"https:\/\/test.newcreationtv.org\/fr\/?page_id=227"},"modified":"2025-04-15T17:47:05","modified_gmt":"2025-04-15T09:47:05","slug":"articles","status":"publish","type":"page","link":"https:\/\/test.newcreationtv.org\/fr\/articles\/","title":{"rendered":"Articles"},"content":{"rendered":"\t\t<div data-elementor-type=\"wp-page\" data-elementor-id=\"227\" class=\"elementor elementor-227\" data-elementor-post-type=\"page\">\n\t\t\t\t<div class=\"elementor-element elementor-element-5313bd80 e-flex e-con-boxed e-con e-parent\" data-id=\"5313bd80\" data-element_type=\"container\" data-e-type=\"container\">\n\t\t\t\t\t<div class=\"e-con-inner\">\n\t\t\t\t<div class=\"elementor-element elementor-element-79f7f2b4 elementor-widget elementor-widget-text-editor\" data-id=\"79f7f2b4\" data-element_type=\"widget\" data-e-type=\"widget\" data-widget_type=\"text-editor.default\">\n\t\t\t\t<div class=\"elementor-widget-container\">\n\t\t\t\t\t\t\t\t\tLaissez ces articles vous aider \u00e0 grandir dans votre marche avec le Seigneur et \u00e0 vous \u00e9tablir plus profond\u00e9ment dans la foi !\t\t\t\t\t\t\t\t<\/div>\n\t\t\t\t<\/div>\n\t\t\t\t\t<\/div>\n\t\t\t\t<\/div>\n\t\t\t\t<\/div>\n\t\t","protected":false},"excerpt":{"rendered":"<p>Laissez ces articles vous aider \u00e0 grandir dans votre marche avec le Seigneur et \u00e0 vous \u00e9tablir plus profond\u00e9ment dans la foi !<\/p>\n","protected":false},"author":1,"featured_media":0,"parent":0,"menu_order":0,"comment_status":"closed","ping_status":"closed","template":"template-article.php","meta":{"footnotes":"","_links_to":"","_links_to_target":""},"class_list":["post-227","page","type-page","status-publish","hentry"],"yoast_head":"<!-- This site is optimized with the Yoast SEO plugin v26.1.1 - https:\/\/yoast.com\/wordpress\/plugins\/seo\/ -->\n<title>Articles - New Creation TV Fran\u00e7ais<\/title>\n<meta name=\"robots\" content=\"index, follow, max-snippet:-1, max-image-preview:large, max-video-preview:-1\" \/>\n<link rel=\"canonical\" href=\"https:\/\/test.newcreationtv.org\/fr\/articles\/\" \/>\n<meta property=\"og:locale\" content=\"en_US\" \/>\n<meta property=\"og:type\" content=\"article\" \/>\n<meta property=\"og:title\" content=\"Articles - New Creation TV Fran\u00e7ais\" \/>\n<meta property=\"og:description\" content=\"Laissez ces articles vous aider \u00e0 grandir dans votre marche avec le Seigneur et \u00e0 vous \u00e9tablir plus profond\u00e9ment dans la foi !\" \/>\n<meta property=\"og:url\" content=\"https:\/\/test.newcreationtv.org\/fr\/articles\/\" \/>\n<meta property=\"og:site_name\" content=\"New Creation TV Fran\u00e7ais\" \/>\n<meta property=\"article:modified_time\" content=\"2025-04-15T09:47:05+00:00\" \/>\n<meta name=\"twitter:card\" content=\"summary_large_image\" \/>\n<script type=\"application\/ld+json\" class=\"yoast-schema-graph\">{\"@context\":\"https:\/\/schema.org\",\"@graph\":[{\"@type\":\"WebPage\",\"@id\":\"https:\/\/test.newcreationtv.org\/fr\/articles\/\",\"url\":\"https:\/\/test.newcreationtv.org\/fr\/articles\/\",\"name\":\"Articles - New Creation TV Fran\u00e7ais\",\"isPartOf\":{\"@id\":\"https:\/\/test.newcreationtv.org\/fr\/#website\"},\"datePublished\":\"2024-10-24T06:18:26+00:00\",\"dateModified\":\"2025-04-15T09:47:05+00:00\",\"breadcrumb\":{\"@id\":\"https:\/\/test.newcreationtv.org\/fr\/articles\/#breadcrumb\"},\"inLanguage\":\"en-US\",\"potentialAction\":[{\"@type\":\"ReadAction\",\"target\":[\"https:\/\/test.newcreationtv.org\/fr\/articles\/\"]}]},{\"@type\":\"BreadcrumbList\",\"@id\":\"https:\/\/test.newcreationtv.org\/fr\/articles\/#breadcrumb\",\"itemListElement\":[{\"@type\":\"ListItem\",\"position\":1,\"name\":\"Home\",\"item\":\"https:\/\/test.newcreationtv.org\/fr\/\"},{\"@type\":\"ListItem\",\"position\":2,\"name\":\"Articles\"}]},{\"@type\":\"WebSite\",\"@id\":\"https:\/\/test.newcreationtv.org\/fr\/#website\",\"url\":\"https:\/\/test.newcreationtv.org\/fr\/\",\"name\":\"New Creation TV Fran\u00e7ais\",\"description\":\"\",\"potentialAction\":[{\"@type\":\"SearchAction\",\"target\":{\"@type\":\"EntryPoint\",\"urlTemplate\":\"https:\/\/test.newcreationtv.org\/fr\/?s={search_term_string}\"},\"query-input\":{\"@type\":\"PropertyValueSpecification\",\"valueRequired\":true,\"valueName\":\"search_term_string\"}}],\"inLanguage\":\"en-US\"}]}<\/script>\n<!-- \/ Yoast SEO plugin. -->","yoast_head_json":{"title":"Articles - New Creation TV Fran\u00e7ais","robots":{"index":"index","follow":"follow","max-snippet":"max-snippet:-1","max-image-preview":"max-image-preview:large","max-video-preview":"max-video-preview:-1"},"canonical":"https:\/\/test.newcreationtv.org\/fr\/articles\/","og_locale":"en_US","og_type":"article","og_title":"Articles - New Creation TV Fran\u00e7ais","og_description":"Laissez ces articles vous aider \u00e0 grandir dans votre marche avec le Seigneur et \u00e0 vous \u00e9tablir plus profond\u00e9ment dans la foi !","og_url":"https:\/\/test.newcreationtv.org\/fr\/articles\/","og_site_name":"New Creation TV Fran\u00e7ais","article_modified_time":"2025-04-15T09:47:05+00:00","twitter_card":"summary_large_image","schema":{"@context":"https:\/\/schema.org","@graph":[{"@type":"WebPage","@id":"https:\/\/test.newcreationtv.org\/fr\/articles\/","url":"https:\/\/test.newcreationtv.org\/fr\/articles\/","name":"Articles - New Creation TV Fran\u00e7ais","isPartOf":{"@id":"https:\/\/test.newcreationtv.org\/fr\/#website"},"datePublished":"2024-10-24T06:18:26+00:00","dateModified":"2025-04-15T09:47:05+00:00","breadcrumb":{"@id":"https:\/\/test.newcreationtv.org\/fr\/articles\/#breadcrumb"},"inLanguage":"en-US","potentialAction":[{"@type":"ReadAction","target":["https:\/\/test.newcreationtv.org\/fr\/articles\/"]}]},{"@type":"BreadcrumbList","@id":"https:\/\/test.newcreationtv.org\/fr\/articles\/#breadcrumb","itemListElement":[{"@type":"ListItem","position":1,"name":"Home","item":"https:\/\/test.newcreationtv.org\/fr\/"},{"@type":"ListItem","position":2,"name":"Articles"}]},{"@type":"WebSite","@id":"https:\/\/test.newcreationtv.org\/fr\/#website","url":"https:\/\/test.newcreationtv.org\/fr\/","name":"New Creation TV Fran\u00e7ais","description":"","potentialAction":[{"@type":"SearchAction","target":{"@type":"EntryPoint","urlTemplate":"https:\/\/test.newcreationtv.org\/fr\/?s={search_term_string}"},"query-input":{"@type":"PropertyValueSpecification","valueRequired":true,"valueName":"search_term_string"}}],"inLanguage":"en-US"}]}},"_links":{"self":[{"href":"https:\/\/test.newcreationtv.org\/fr\/wp-json\/wp\/v2\/pages\/227","targetHints":{"allow":["GET"]}}],"collection":[{"href":"https:\/\/test.newcreationtv.org\/fr\/wp-json\/wp\/v2\/pages"}],"about":[{"href":"https:\/\/test.newcreationtv.org\/fr\/wp-json\/wp\/v2\/types\/page"}],"author":[{"embeddable":true,"href":"https:\/\/test.newcreationtv.org\/fr\/wp-json\/wp\/v2\/users\/1"}],"replies":[{"embeddable":true,"href":"https:\/\/test.newcreationtv.org\/fr\/wp-json\/wp\/v2\/comments?post=227"}],"version-history":[{"count":20,"href":"https:\/\/test.newcreationtv.org\/fr\/wp-json\/wp\/v2\/pages\/227\/revisions"}],"predecessor-version":[{"id":10418,"href":"https:\/\/test.newcreationtv.org\/fr\/wp-json\/wp\/v2\/pages\/227\/revisions\/10418"}],"wp:attachment":[{"href":"https:\/\/test.newcreationtv.org\/fr\/wp-json\/wp\/v2\/media?parent=227"}],"curies":[{"name":"wp","href":"https:\/\/api.w.org\/{rel}","templated":true}]}}