{"id":112,"date":"2024-10-23T02:01:04","date_gmt":"2024-10-23T02:01:04","guid":{"rendered":"https:\/\/test.newcreationtv.org\/fr\/?page_id=112"},"modified":"2025-06-26T12:38:45","modified_gmt":"2025-06-26T04:38:45","slug":"conditions-generales-dutilisation","status":"publish","type":"page","link":"https:\/\/test.newcreationtv.org\/fr\/conditions-generales-dutilisation\/","title":{"rendered":"Conditions g\u00e9n\u00e9rales d&#8217;utilisation"},"content":{"rendered":"\t\t<div data-elementor-type=\"wp-page\" data-elementor-id=\"112\" class=\"elementor elementor-112\" data-elementor-post-type=\"page\">\n\t\t\t\t<div class=\"elementor-element elementor-element-e298608 e-flex e-con-boxed e-con e-parent\" data-id=\"e298608\" data-element_type=\"container\" data-e-type=\"container\">\n\t\t\t\t\t<div class=\"e-con-inner\">\n\t\t\t\t<div class=\"elementor-element elementor-element-029a9d5 elementor-widget elementor-widget-text-editor\" data-id=\"029a9d5\" data-element_type=\"widget\" data-e-type=\"widget\" data-widget_type=\"text-editor.default\">\n\t\t\t\t<div class=\"elementor-widget-container\">\n\t\t\t\t\t\t\t\t\t<div class=\"page-header text-center\"><h2 itemprop=\"headline\" class=\"text-theme-primary\">CONDITIONS G\u00c9N\u00c9RALES D&#8217;UTILISATION<\/h2><\/div><h5><strong>Conditions g\u00e9n\u00e9rales d\u2019utilisation<\/strong><\/h5><p>Nous vous remercions d&#8217;utiliser les sites Internet et les applications Internet de New Creation Church (\u201cNCC\u201d) (collectivement d\u00e9sign\u00e9es les \u201cPlateformes\u201d).<\/p><p>En acc\u00e9dant et en utilisant toute ou partie des Plateformes, vous \u00eates consid\u00e9r\u00e9 comme ayant accept\u00e9 et approuv\u00e9 les conditions g\u00e9n\u00e9rales d\u2019utilisation (CGU). Si vous n&#8217;acceptez pas ces conditions, veuillez ne pas utiliser les Plateformes.<\/p><h5><strong>G\u00e9n\u00e9ral<\/strong><\/h5><p>Les pr\u00e9sentes CGU sont susceptibles d\u2019\u00eatre modifi\u00e9es p\u00e9riodiquement, et toutes les modifications seront affich\u00e9es sur cette page. L&#8217;utilisation des Plateformes apr\u00e8s la publication de ces modifications vaut acceptation des CGU modifi\u00e9es et de toutes les modifications. Vous devez donc lire attentivement cette page chaque fois que vous visitez les Plateformes.<\/p><h5><strong>Restrictions sur l&#8217;utilisation des contenus<\/strong><\/h5><p>Les Plateformes sont d\u00e9tenues et exploit\u00e9es par NCC. Le contenu des Plateformes, y compris les informations, les illustrations, les textes, les vid\u00e9os, les sons (dans des fichiers audio ou autres) ou les images, ainsi que leur conception et leur mise en page (collectivement appel\u00e9s les \u201cContenus\u201d) sont prot\u00e9g\u00e9s par des droits d&#8217;auteur, des marques commerciales et d&#8217;autres formes de droits de propri\u00e9t\u00e9. Vous ne pouvez acc\u00e9der \u00e0 ces Contenus qu&#8217;\u00e0 des fins personnelles et non commerciales. Vous ne pouvez pas reproduire, publier, modifier, copier, imiter, transmettre, distribuer ou utiliser de toute autre mani\u00e8re ces Contenus sans une autorisation \u00e9crite pr\u00e9alable de NCC.<\/p><p>Aucune licence ni aucun droit ne vous sont accord\u00e9s et votre acc\u00e8s aux Plateformes et\/ou l&#8217;utilisation des outils et services en ligne ne doivent pas \u00eatre interpr\u00e9t\u00e9s comme accordant, implicitement, par pr\u00e9clusion ou autrement, une licence ou un droit d&#8217;utilisation des Contenus sans une autorisation \u00e9crite pr\u00e9alable de NCC ou du tiers d\u00e9tenteur du droit de propri\u00e9t\u00e9 concern\u00e9.<\/p><h5><strong>Exclusion de garantie et de responsabilit\u00e9<\/strong><\/h5><p>Les Contenus mis \u00e0 disposition sur les Plateformes sont fournis \u201cen l&#8217;\u00e9tat\u201d, sans garantie d&#8217;aucune sorte. Dans les limites autoris\u00e9es par la loi, NCC d\u00e9cline express\u00e9ment toute repr\u00e9sentation et garantie, incluant et sans limitation :<\/p><ul><li>En ce qui concerne l&#8217;exactitude, la justesse, la fiabilit\u00e9, l&#8217;actualit\u00e9, l&#8217;exhaustivit\u00e9, l&#8217;absence de contrefa\u00e7on, la qualit\u00e9 marchande et l&#8217;ad\u00e9quation \u00e0 un usage particulier ;<\/li><li>Que les Contenus mis \u00e0 disposition sur les Plateformes seront ininterrompus ou exempts d&#8217;erreurs, ou que tout d\u00e9faut peut \u00eatre et\/ou sera corrig\u00e9 ; ou que les Plateformes et\/ou les serveurs sont et seront exempts de tous virus et\/ou autres \u00e9l\u00e9ments nuisibles ;<\/li><li>Que les Plateformes et\/ou les Contenus seront \u00e0 tout moment disponibles et\/ou accessibles.<\/li><\/ul><p>Vous acceptez \u00e9galement que NCC ou tout fournisseur de contenu tiers ne soit absolument pas responsable de toute r\u00e9clamation, dommage ou perte de quelque nature que ce soit en rapport avec l&#8217;utilisation des Plateformes, y compris et sans limitation, toute responsabilit\u00e9 pour toute r\u00e9clamation, dommage ou perte subie en rapport avec votre mat\u00e9riel, vos donn\u00e9es, vos informations, votre contenu et votre activit\u00e9 r\u00e9sultant des informations ou de l&#8217;absence d&#8217;informations disponibles sur les Plateformes.<\/p><p>En aucun cas, NCC ou les fournisseurs de contenu tiers ne peuvent \u00eatre tenus responsables d&#8217;un d\u00e9faut de performance, d&#8217;une d\u00e9faillance du syst\u00e8me, du serveur ou de la connexion, d&#8217;une interruption, d&#8217;un d\u00e9faut, d&#8217;une erreur, d&#8217;une omission, d&#8217;un retard dans le fonctionnement ou la transmission, d&#8217;une violation de la s\u00e9curit\u00e9, d&#8217;un code malveillant, d&#8217;un virus informatique ou d&#8217;une incapacit\u00e9 ou indisponibilit\u00e9 d&#8217;utilisation ou d&#8217;acc\u00e8s en rapport avec votre acc\u00e8s aux Plateformes, et\/ou aux outils, et\/ou aux services en ligne, m\u00eame si NCC ou les fournisseurs de contenu tiers ont \u00e9t\u00e9 inform\u00e9s de l&#8217;\u00e9ventualit\u00e9 de ce qui pr\u00e9c\u00e8de.<\/p><h5><strong>Droit d&#8217;acc\u00e8s<\/strong><\/h5><p>NCC peut, \u00e0 sa seule discr\u00e9tion, permettre aux utilisateurs de ses Plateformes d&#8217;afficher, de t\u00e9l\u00e9charger, de publier, de soumettre ou de transmettre du contenu, qui peut inclure, mais sans s&#8217;y limiter, des t\u00e9moignages, des photos, des \u00e9crits, des vid\u00e9os ou des liens, sur ses Plateformes. NCC se r\u00e9serve le droit de mettre \u00e0 jour ou de modifier p\u00e9riodiquement les Plateformes. NCC se r\u00e9serve en outre tous les droits de refuser ou de restreindre l&#8217;acc\u00e8s aux Plateformes \u00e0 une personne sp\u00e9cifique ou de bloquer l&#8217;acc\u00e8s aux Plateformes \u00e0 partir d&#8217;une adresse Internet sp\u00e9cifique, \u00e0 tout moment, sans invoquer quelque raison que ce soit ni donner de pr\u00e9avis.<\/p><p>Vous vous engagez \u00e0 ne pas :<\/p><ul><li>utiliser de robot, de Spider (robot d\u2019indexation), d&#8217;autre dispositif automatique ou de processus manuel pour surveiller ou copier des pages des Plateformes ou des Contenus sans l&#8217;autorisation \u00e9crite pr\u00e9alable de NCC ;<\/li><li>utiliser un dispositif, un logiciel ou une routine pour interf\u00e9rer ou tenter d&#8217;interf\u00e9rer avec le bon fonctionnement des Plateformes ;<\/li><li>et\/ou prendre des mesures qui imposent une charge d\u00e9raisonnable ou disproportionn\u00e9e aux serveurs de NCC.<\/li><\/ul><h5><strong>Liens vers d&#8217;autres sites Internet<\/strong><\/h5><p>Les Plateformes contiennent des liens vers d&#8217;autres sites Internet qui ne sont pas g\u00e9r\u00e9s par NCC. NCC n&#8217;est pas responsable du contenu de ces sites Internet et ne peut \u00eatre tenu responsable des dommages ou pertes r\u00e9sultant de l&#8217;acc\u00e8s \u00e0 ces sites Internet. En suivant ces liens et en acc\u00e9dant \u00e0 ces sites web, vous le faites enti\u00e8rement \u00e0 vos risques et p\u00e9rils.<\/p><p>La NCC se r\u00e9serve le droit de d\u00e9sactiver tout lien ou cadre \u00e0 partir des Plateformes, et d\u00e9cline toute responsabilit\u00e9 quant au contenu disponible sur tout autre site atteint par des liens vers ou \u00e0 partir des Plateformes.<\/p><h5><strong>Liens depuis d&#8217;autres sites Internet<\/strong><\/h5><p>Sauf dans les cas pr\u00e9vus ci-dessous, la mise en cache, les liens et le cadrage des Plateformes et des Contenus sont interdits.<\/p><p>Vous devez obtenir une autorisation \u00e9crite pr\u00e9alable de NCC avant de cr\u00e9er un lien vers les Plateformes ou le contenu, ou de les encadrer. La NCC se r\u00e9serve le droit d&#8217;imposer des conditions lorsqu&#8217;elle autorise la cr\u00e9ation de liens vers les Plateformes ou le cadrage de celles-ci ou de tout Contenu.<\/p><p>L&#8217;\u00e9tablissement d&#8217;un lien vers les Plateformes ou le cadrage de celles-ci ou de leur Contenu constitue une acceptation des pr\u00e9sentes conditions g\u00e9n\u00e9rales. Cela est r\u00e9put\u00e9 \u00eatre le cas m\u00eame apr\u00e8s la publication de tout changement ou de toute modification des conditions g\u00e9n\u00e9rales. Si vous n&#8217;acceptez pas les pr\u00e9sentes conditions g\u00e9n\u00e9rales, vous devez cesser d&#8217;\u00e9tablir un lien vers les Plateformes ou de les encadrer, ainsi que tout contenu.<\/p><p>En aucun cas NCC ne pourra \u00eatre consid\u00e9r\u00e9e comme associ\u00e9e ou affili\u00e9e de quelque mani\u00e8re que ce soit aux marques commerciales, logos, insignes ou autres dispositifs utilis\u00e9s ou apparaissant sur les sites web qui renvoient aux Plateformes ou auxquels les Plateformes sont li\u00e9es ou auxquelles il est fait r\u00e9f\u00e9rence dans le Contenu.<\/p><p>NCC se r\u00e9serve le droit de d\u00e9sactiver tout lien vers ou depuis un site ou tout cadre d&#8217;un site contenant des sujets, des noms, du mat\u00e9riel ou des informations inappropri\u00e9s, profanes, diffamatoires, contrefaits, obsc\u00e8nes, ind\u00e9cents ou ill\u00e9gaux, ou des Contenus ou informations qui violent toute loi \u00e9crite, tout droit de propri\u00e9t\u00e9 intellectuelle applicable, tout droit de propri\u00e9t\u00e9, tout droit \u00e0 la vie priv\u00e9e ou tout droit de publicit\u00e9.<\/p><h5><strong>Limitation de la responsabilit\u00e9<\/strong><\/h5><p>En aucun cas NCC ne sera responsable des pertes ou dommages quels qu&#8217;ils soient, qu&#8217;ils soient contractuels, d\u00e9lictuels ou autres, r\u00e9sultant de l&#8217;utilisation ou de la confiance accord\u00e9e aux informations sur les Plateformes ou de votre utilisation d&#8217;Internet en g\u00e9n\u00e9ral.<\/p>\t\t\t\t\t\t\t\t<\/div>\n\t\t\t\t<\/div>\n\t\t\t\t\t<\/div>\n\t\t\t\t<\/div>\n\t\t\t\t<\/div>\n\t\t","protected":false},"excerpt":{"rendered":"<p>CONDITIONS G\u00c9N\u00c9RALES D&#8217;UTILISATION Conditions g\u00e9n\u00e9rales d\u2019utilisation Nous vous remercions d&#8217;utiliser les sites Internet et les applications Internet de New Creation Church (\u201cNCC\u201d) (collectivement d\u00e9sign\u00e9es les \u201cPlateformes\u201d). En acc\u00e9dant et en utilisant toute ou partie des Plateformes, vous \u00eates consid\u00e9r\u00e9 comme ayant accept\u00e9 et approuv\u00e9 les conditions g\u00e9n\u00e9rales d\u2019utilisation (CGU). Si vous n&#8217;acceptez pas ces conditions, [&hellip;]<\/p>\n","protected":false},"author":1,"featured_media":0,"parent":0,"menu_order":0,"comment_status":"closed","ping_status":"closed","template":"","meta":{"footnotes":"","_links_to":"","_links_to_target":""},"class_list":["post-112","page","type-page","status-publish","hentry"],"yoast_head":"<!-- This site is optimized with the Yoast SEO plugin v26.1.1 - https:\/\/yoast.com\/wordpress\/plugins\/seo\/ -->\n<title>Conditions g\u00e9n\u00e9rales d&#039;utilisation - New Creation TV Fran\u00e7ais<\/title>\n<meta name=\"robots\" content=\"index, follow, max-snippet:-1, max-image-preview:large, max-video-preview:-1\" \/>\n<link rel=\"canonical\" href=\"https:\/\/test.newcreationtv.org\/fr\/conditions-generales-dutilisation\/\" \/>\n<meta property=\"og:locale\" content=\"en_US\" \/>\n<meta property=\"og:type\" content=\"article\" \/>\n<meta property=\"og:title\" content=\"Conditions g\u00e9n\u00e9rales d&#039;utilisation - New Creation TV Fran\u00e7ais\" \/>\n<meta property=\"og:description\" content=\"CONDITIONS G\u00c9N\u00c9RALES D&#8217;UTILISATION Conditions g\u00e9n\u00e9rales d\u2019utilisation Nous vous remercions d&#8217;utiliser les sites Internet et les applications Internet de New Creation Church (\u201cNCC\u201d) (collectivement d\u00e9sign\u00e9es les \u201cPlateformes\u201d). En acc\u00e9dant et en utilisant toute ou partie des Plateformes, vous \u00eates consid\u00e9r\u00e9 comme ayant accept\u00e9 et approuv\u00e9 les conditions g\u00e9n\u00e9rales d\u2019utilisation (CGU). Si vous n&#8217;acceptez pas ces conditions, [&hellip;]\" \/>\n<meta property=\"og:url\" content=\"https:\/\/test.newcreationtv.org\/fr\/conditions-generales-dutilisation\/\" \/>\n<meta property=\"og:site_name\" content=\"New Creation TV Fran\u00e7ais\" \/>\n<meta property=\"article:modified_time\" content=\"2025-06-26T04:38:45+00:00\" \/>\n<meta name=\"twitter:card\" content=\"summary_large_image\" \/>\n<meta name=\"twitter:label1\" content=\"Est. reading time\" \/>\n\t<meta name=\"twitter:data1\" content=\"6 minutes\" \/>\n<script type=\"application\/ld+json\" class=\"yoast-schema-graph\">{\"@context\":\"https:\/\/schema.org\",\"@graph\":[{\"@type\":\"WebPage\",\"@id\":\"https:\/\/test.newcreationtv.org\/fr\/conditions-generales-dutilisation\/\",\"url\":\"https:\/\/test.newcreationtv.org\/fr\/conditions-generales-dutilisation\/\",\"name\":\"Conditions g\u00e9n\u00e9rales d'utilisation - New Creation TV Fran\u00e7ais\",\"isPartOf\":{\"@id\":\"https:\/\/test.newcreationtv.org\/fr\/#website\"},\"datePublished\":\"2024-10-23T02:01:04+00:00\",\"dateModified\":\"2025-06-26T04:38:45+00:00\",\"breadcrumb\":{\"@id\":\"https:\/\/test.newcreationtv.org\/fr\/conditions-generales-dutilisation\/#breadcrumb\"},\"inLanguage\":\"en-US\",\"potentialAction\":[{\"@type\":\"ReadAction\",\"target\":[\"https:\/\/test.newcreationtv.org\/fr\/conditions-generales-dutilisation\/\"]}]},{\"@type\":\"BreadcrumbList\",\"@id\":\"https:\/\/test.newcreationtv.org\/fr\/conditions-generales-dutilisation\/#breadcrumb\",\"itemListElement\":[{\"@type\":\"ListItem\",\"position\":1,\"name\":\"Home\",\"item\":\"https:\/\/test.newcreationtv.org\/fr\/\"},{\"@type\":\"ListItem\",\"position\":2,\"name\":\"Conditions g\u00e9n\u00e9rales d&#8217;utilisation\"}]},{\"@type\":\"WebSite\",\"@id\":\"https:\/\/test.newcreationtv.org\/fr\/#website\",\"url\":\"https:\/\/test.newcreationtv.org\/fr\/\",\"name\":\"New Creation TV Fran\u00e7ais\",\"description\":\"\",\"potentialAction\":[{\"@type\":\"SearchAction\",\"target\":{\"@type\":\"EntryPoint\",\"urlTemplate\":\"https:\/\/test.newcreationtv.org\/fr\/?s={search_term_string}\"},\"query-input\":{\"@type\":\"PropertyValueSpecification\",\"valueRequired\":true,\"valueName\":\"search_term_string\"}}],\"inLanguage\":\"en-US\"}]}<\/script>\n<!-- \/ Yoast SEO plugin. -->","yoast_head_json":{"title":"Conditions g\u00e9n\u00e9rales d'utilisation - New Creation TV Fran\u00e7ais","robots":{"index":"index","follow":"follow","max-snippet":"max-snippet:-1","max-image-preview":"max-image-preview:large","max-video-preview":"max-video-preview:-1"},"canonical":"https:\/\/test.newcreationtv.org\/fr\/conditions-generales-dutilisation\/","og_locale":"en_US","og_type":"article","og_title":"Conditions g\u00e9n\u00e9rales d'utilisation - New Creation TV Fran\u00e7ais","og_description":"CONDITIONS G\u00c9N\u00c9RALES D&#8217;UTILISATION Conditions g\u00e9n\u00e9rales d\u2019utilisation Nous vous remercions d&#8217;utiliser les sites Internet et les applications Internet de New Creation Church (\u201cNCC\u201d) (collectivement d\u00e9sign\u00e9es les \u201cPlateformes\u201d). En acc\u00e9dant et en utilisant toute ou partie des Plateformes, vous \u00eates consid\u00e9r\u00e9 comme ayant accept\u00e9 et approuv\u00e9 les conditions g\u00e9n\u00e9rales d\u2019utilisation (CGU). Si vous n&#8217;acceptez pas ces conditions, [&hellip;]","og_url":"https:\/\/test.newcreationtv.org\/fr\/conditions-generales-dutilisation\/","og_site_name":"New Creation TV Fran\u00e7ais","article_modified_time":"2025-06-26T04:38:45+00:00","twitter_card":"summary_large_image","twitter_misc":{"Est. reading time":"6 minutes"},"schema":{"@context":"https:\/\/schema.org","@graph":[{"@type":"WebPage","@id":"https:\/\/test.newcreationtv.org\/fr\/conditions-generales-dutilisation\/","url":"https:\/\/test.newcreationtv.org\/fr\/conditions-generales-dutilisation\/","name":"Conditions g\u00e9n\u00e9rales d'utilisation - New Creation TV Fran\u00e7ais","isPartOf":{"@id":"https:\/\/test.newcreationtv.org\/fr\/#website"},"datePublished":"2024-10-23T02:01:04+00:00","dateModified":"2025-06-26T04:38:45+00:00","breadcrumb":{"@id":"https:\/\/test.newcreationtv.org\/fr\/conditions-generales-dutilisation\/#breadcrumb"},"inLanguage":"en-US","potentialAction":[{"@type":"ReadAction","target":["https:\/\/test.newcreationtv.org\/fr\/conditions-generales-dutilisation\/"]}]},{"@type":"BreadcrumbList","@id":"https:\/\/test.newcreationtv.org\/fr\/conditions-generales-dutilisation\/#breadcrumb","itemListElement":[{"@type":"ListItem","position":1,"name":"Home","item":"https:\/\/test.newcreationtv.org\/fr\/"},{"@type":"ListItem","position":2,"name":"Conditions g\u00e9n\u00e9rales d&#8217;utilisation"}]},{"@type":"WebSite","@id":"https:\/\/test.newcreationtv.org\/fr\/#website","url":"https:\/\/test.newcreationtv.org\/fr\/","name":"New Creation TV Fran\u00e7ais","description":"","potentialAction":[{"@type":"SearchAction","target":{"@type":"EntryPoint","urlTemplate":"https:\/\/test.newcreationtv.org\/fr\/?s={search_term_string}"},"query-input":{"@type":"PropertyValueSpecification","valueRequired":true,"valueName":"search_term_string"}}],"inLanguage":"en-US"}]}},"_links":{"self":[{"href":"https:\/\/test.newcreationtv.org\/fr\/wp-json\/wp\/v2\/pages\/112","targetHints":{"allow":["GET"]}}],"collection":[{"href":"https:\/\/test.newcreationtv.org\/fr\/wp-json\/wp\/v2\/pages"}],"about":[{"href":"https:\/\/test.newcreationtv.org\/fr\/wp-json\/wp\/v2\/types\/page"}],"author":[{"embeddable":true,"href":"https:\/\/test.newcreationtv.org\/fr\/wp-json\/wp\/v2\/users\/1"}],"replies":[{"embeddable":true,"href":"https:\/\/test.newcreationtv.org\/fr\/wp-json\/wp\/v2\/comments?post=112"}],"version-history":[{"count":75,"href":"https:\/\/test.newcreationtv.org\/fr\/wp-json\/wp\/v2\/pages\/112\/revisions"}],"predecessor-version":[{"id":11680,"href":"https:\/\/test.newcreationtv.org\/fr\/wp-json\/wp\/v2\/pages\/112\/revisions\/11680"}],"wp:attachment":[{"href":"https:\/\/test.newcreationtv.org\/fr\/wp-json\/wp\/v2\/media?parent=112"}],"curies":[{"name":"wp","href":"https:\/\/api.w.org\/{rel}","templated":true}]}}