{"id":5437,"date":"2024-12-13T03:09:50","date_gmt":"2024-12-13T03:09:50","guid":{"rendered":"https:\/\/test.newcreationtv.org\/es\/?page_id=5437"},"modified":"2025-06-30T16:40:53","modified_gmt":"2025-06-30T08:40:53","slug":"aviso-legal","status":"publish","type":"page","link":"https:\/\/test.newcreationtv.org\/es\/aviso-legal\/","title":{"rendered":"Aviso Legal"},"content":{"rendered":"\t\t<div data-elementor-type=\"wp-page\" data-elementor-id=\"5437\" class=\"elementor elementor-5437\" data-elementor-post-type=\"page\">\n\t\t\t\t<div class=\"elementor-element elementor-element-9b468ee e-flex e-con-boxed e-con e-parent\" data-id=\"9b468ee\" data-element_type=\"container\" data-e-type=\"container\">\n\t\t\t\t\t<div class=\"e-con-inner\">\n\t\t\t\t<div class=\"elementor-element elementor-element-55f2846 elementor-widget elementor-widget-text-editor\" data-id=\"55f2846\" data-element_type=\"widget\" data-e-type=\"widget\" data-widget_type=\"text-editor.default\">\n\t\t\t\t<div class=\"elementor-widget-container\">\n\t\t\t\t\t\t\t\t\t<div class=\"page-header text-center\"><h2 itemprop=\"headline\" class=\"text-theme-primary\"><strong>AVISO LEGAL<\/strong><\/h2><\/div><p>A trav\u00e9s de New Creation TV, la Iglesia New Creation retransmite sermones de nuestros servicios a millones de hogares de todo el mundo.<\/p><p>La Iglesia New Creation es una iglesia independiente, no confesional y miembro del Consejo Nacional de Iglesias de Singapur. La Iglesia New Creation es una asociaci\u00f3n \u00e1nimo de lucro registrada en Singapur.<\/p><p>Director General: Gideon Lim<br \/>Responsable del contenido: Dorothy Ng<br \/>Registro eclesi\u00e1stico de Singapur, N\u00famero de entidad \u00fanica (UEN): S84SS0112C<\/p><p>Alojamiento del sitio web:<br \/>El sitio web de New Creation TV est\u00e1 alojado en Amazon Web Services Singapore Private Limited<br \/>23 Church Street, Capital Square,<br \/>Unidad 10-01 a 10-04,<br \/>Singapur 049481<\/p><p>Para m\u00e1s informaci\u00f3n o preguntas sobre New Creation TV, p\u00f3ngase en contacto con nosotros por correo electr\u00f3nico (espa\u00f1ol e ingl\u00e9s) o por tel\u00e9fono (s\u00f3lo ingl\u00e9s):<\/p><ul><li><strong>Email<\/strong>: <a href=\"https:\/\/test.newcreationtv.org\/es\/tienes-alguna-pregunta\/\" target=\"_blank\" rel=\"noopener\">https:\/\/newcreationtv.org\/es\/tienes-alguna-pregunta\/<\/a><\/li><li><strong>Tel<\/strong>: (+65) 6338 4565<\/li><li><strong>Fax<\/strong>: (+65) 6338 5190<\/li><\/ul><p>Direcci\u00f3n postal:<br \/>New Creation TV<br \/>Iglesia New Creation<br \/>51 Cuppage Road, #09-01<br \/>229469 Singapur<\/p><p>Horario de oficina: Lunes &#8211; viernes, 9:00-18:00 (zona horaria de Singapur)<\/p><h5><strong>Propiedad intelectual<\/strong><\/h5><p>Queda prohibida toda reproducci\u00f3n sin autorizaci\u00f3n.<\/p><p>Todos los textos, fotos, v\u00eddeos, logotipos y otros elementos reproducidos en este sitio est\u00e1n protegidos por derechos de autor y marcas registradas seg\u00fan las normas de Singapur y el derecho internacional.<\/p><h5><strong>Enlaces profundos<\/strong><\/h5><p>Los enlaces a p\u00e1ginas del sitio NewCreationTV.org est\u00e1n permitidos. Sin embargo, los enlaces profundos o framing no est\u00e1n permitidos sin autorizaci\u00f3n de New Creation TV.<\/p><h5><strong>DECLARACI\u00d3N DE NO AFILIACI\u00d3N<\/strong><\/h5><p>Aparte de los mencionados espec\u00edficamente en nuestro sitio web o en nuestra correspondencia oficial, no estamos afiliados a ninguna iglesia, ministerio o ministro, organizaci\u00f3n, movimiento o plataforma digital, ya sea local o extranjera. Cualquier individuo, iglesia, organizaci\u00f3n o grupo que afirme estar afiliado a nosotros (y\/o a nuestro Pastor Principal Joseph Prince) lo hace sin nuestro conocimiento o permiso y no nos representa.<\/p><p>Si tienes conocimiento de alg\u00fan individuo, iglesia, organizaci\u00f3n o grupo que afirme estar afiliado o respaldado por nosotros (y\/o por nuestro Pastor Principal Joseph Prince) y\/o que utilice tal afirmaci\u00f3n para recaudar fondos o para anunciar sus eventos, inf\u00f3rmenos inmediatamente a trav\u00e9s de <a href=\"https:\/\/test.newcreationtv.org\/es\/tienes-alguna-pregunta\/\" target=\"_blank\" rel=\"noopener\">https:\/\/newcreationtv.org\/es\/tienes-alguna-pregunta\/<\/a>.<\/p>\t\t\t\t\t\t\t\t<\/div>\n\t\t\t\t<\/div>\n\t\t\t\t\t<\/div>\n\t\t\t\t<\/div>\n\t\t\t\t<\/div>\n\t\t","protected":false},"excerpt":{"rendered":"<p>AVISO LEGAL A trav\u00e9s de New Creation TV, la Iglesia New Creation retransmite sermones de nuestros servicios a millones de hogares de todo el mundo. La Iglesia New Creation es una iglesia independiente, no confesional y miembro del Consejo Nacional de Iglesias de Singapur. La Iglesia New Creation es una asociaci\u00f3n \u00e1nimo de lucro registrada [&hellip;]<\/p>\n","protected":false},"author":2,"featured_media":0,"parent":0,"menu_order":0,"comment_status":"closed","ping_status":"closed","template":"","meta":{"footnotes":"","_links_to":"","_links_to_target":""},"class_list":["post-5437","page","type-page","status-publish","hentry"],"yoast_head":"<!-- This site is optimized with the Yoast SEO plugin v26.1.1 - https:\/\/yoast.com\/wordpress\/plugins\/seo\/ -->\n<title>Aviso Legal - New Creation TV Espa\u00f1ol<\/title>\n<meta name=\"robots\" content=\"index, follow, max-snippet:-1, max-image-preview:large, max-video-preview:-1\" \/>\n<link rel=\"canonical\" href=\"https:\/\/test.newcreationtv.org\/es\/aviso-legal\/\" \/>\n<meta property=\"og:locale\" content=\"en_US\" \/>\n<meta property=\"og:type\" content=\"article\" \/>\n<meta property=\"og:title\" content=\"Aviso Legal - New Creation TV Espa\u00f1ol\" \/>\n<meta property=\"og:description\" content=\"AVISO LEGAL A trav\u00e9s de New Creation TV, la Iglesia New Creation retransmite sermones de nuestros servicios a millones de hogares de todo el mundo. La Iglesia New Creation es una iglesia independiente, no confesional y miembro del Consejo Nacional de Iglesias de Singapur. La Iglesia New Creation es una asociaci\u00f3n \u00e1nimo de lucro registrada [&hellip;]\" \/>\n<meta property=\"og:url\" content=\"https:\/\/test.newcreationtv.org\/es\/aviso-legal\/\" \/>\n<meta property=\"og:site_name\" content=\"New Creation TV Espa\u00f1ol\" \/>\n<meta property=\"article:modified_time\" content=\"2025-06-30T08:40:53+00:00\" \/>\n<meta name=\"twitter:card\" content=\"summary_large_image\" \/>\n<meta name=\"twitter:label1\" content=\"Est. reading time\" \/>\n\t<meta name=\"twitter:data1\" content=\"2 minutes\" \/>\n<script type=\"application\/ld+json\" class=\"yoast-schema-graph\">{\"@context\":\"https:\/\/schema.org\",\"@graph\":[{\"@type\":\"WebPage\",\"@id\":\"https:\/\/test.newcreationtv.org\/es\/aviso-legal\/\",\"url\":\"https:\/\/test.newcreationtv.org\/es\/aviso-legal\/\",\"name\":\"Aviso Legal - New Creation TV Espa\u00f1ol\",\"isPartOf\":{\"@id\":\"https:\/\/test.newcreationtv.org\/es\/#website\"},\"datePublished\":\"2024-12-13T03:09:50+00:00\",\"dateModified\":\"2025-06-30T08:40:53+00:00\",\"breadcrumb\":{\"@id\":\"https:\/\/test.newcreationtv.org\/es\/aviso-legal\/#breadcrumb\"},\"inLanguage\":\"en-US\",\"potentialAction\":[{\"@type\":\"ReadAction\",\"target\":[\"https:\/\/test.newcreationtv.org\/es\/aviso-legal\/\"]}]},{\"@type\":\"BreadcrumbList\",\"@id\":\"https:\/\/test.newcreationtv.org\/es\/aviso-legal\/#breadcrumb\",\"itemListElement\":[{\"@type\":\"ListItem\",\"position\":1,\"name\":\"Home\",\"item\":\"https:\/\/test.newcreationtv.org\/es\/\"},{\"@type\":\"ListItem\",\"position\":2,\"name\":\"Aviso Legal\"}]},{\"@type\":\"WebSite\",\"@id\":\"https:\/\/test.newcreationtv.org\/es\/#website\",\"url\":\"https:\/\/test.newcreationtv.org\/es\/\",\"name\":\"New Creation TV Espa\u00f1ol\",\"description\":\"\",\"potentialAction\":[{\"@type\":\"SearchAction\",\"target\":{\"@type\":\"EntryPoint\",\"urlTemplate\":\"https:\/\/test.newcreationtv.org\/es\/?s={search_term_string}\"},\"query-input\":{\"@type\":\"PropertyValueSpecification\",\"valueRequired\":true,\"valueName\":\"search_term_string\"}}],\"inLanguage\":\"en-US\"}]}<\/script>\n<!-- \/ Yoast SEO plugin. -->","yoast_head_json":{"title":"Aviso Legal - New Creation TV Espa\u00f1ol","robots":{"index":"index","follow":"follow","max-snippet":"max-snippet:-1","max-image-preview":"max-image-preview:large","max-video-preview":"max-video-preview:-1"},"canonical":"https:\/\/test.newcreationtv.org\/es\/aviso-legal\/","og_locale":"en_US","og_type":"article","og_title":"Aviso Legal - New Creation TV Espa\u00f1ol","og_description":"AVISO LEGAL A trav\u00e9s de New Creation TV, la Iglesia New Creation retransmite sermones de nuestros servicios a millones de hogares de todo el mundo. La Iglesia New Creation es una iglesia independiente, no confesional y miembro del Consejo Nacional de Iglesias de Singapur. La Iglesia New Creation es una asociaci\u00f3n \u00e1nimo de lucro registrada [&hellip;]","og_url":"https:\/\/test.newcreationtv.org\/es\/aviso-legal\/","og_site_name":"New Creation TV Espa\u00f1ol","article_modified_time":"2025-06-30T08:40:53+00:00","twitter_card":"summary_large_image","twitter_misc":{"Est. reading time":"2 minutes"},"schema":{"@context":"https:\/\/schema.org","@graph":[{"@type":"WebPage","@id":"https:\/\/test.newcreationtv.org\/es\/aviso-legal\/","url":"https:\/\/test.newcreationtv.org\/es\/aviso-legal\/","name":"Aviso Legal - New Creation TV Espa\u00f1ol","isPartOf":{"@id":"https:\/\/test.newcreationtv.org\/es\/#website"},"datePublished":"2024-12-13T03:09:50+00:00","dateModified":"2025-06-30T08:40:53+00:00","breadcrumb":{"@id":"https:\/\/test.newcreationtv.org\/es\/aviso-legal\/#breadcrumb"},"inLanguage":"en-US","potentialAction":[{"@type":"ReadAction","target":["https:\/\/test.newcreationtv.org\/es\/aviso-legal\/"]}]},{"@type":"BreadcrumbList","@id":"https:\/\/test.newcreationtv.org\/es\/aviso-legal\/#breadcrumb","itemListElement":[{"@type":"ListItem","position":1,"name":"Home","item":"https:\/\/test.newcreationtv.org\/es\/"},{"@type":"ListItem","position":2,"name":"Aviso Legal"}]},{"@type":"WebSite","@id":"https:\/\/test.newcreationtv.org\/es\/#website","url":"https:\/\/test.newcreationtv.org\/es\/","name":"New Creation TV Espa\u00f1ol","description":"","potentialAction":[{"@type":"SearchAction","target":{"@type":"EntryPoint","urlTemplate":"https:\/\/test.newcreationtv.org\/es\/?s={search_term_string}"},"query-input":{"@type":"PropertyValueSpecification","valueRequired":true,"valueName":"search_term_string"}}],"inLanguage":"en-US"}]}},"_links":{"self":[{"href":"https:\/\/test.newcreationtv.org\/es\/wp-json\/wp\/v2\/pages\/5437","targetHints":{"allow":["GET"]}}],"collection":[{"href":"https:\/\/test.newcreationtv.org\/es\/wp-json\/wp\/v2\/pages"}],"about":[{"href":"https:\/\/test.newcreationtv.org\/es\/wp-json\/wp\/v2\/types\/page"}],"author":[{"embeddable":true,"href":"https:\/\/test.newcreationtv.org\/es\/wp-json\/wp\/v2\/users\/2"}],"replies":[{"embeddable":true,"href":"https:\/\/test.newcreationtv.org\/es\/wp-json\/wp\/v2\/comments?post=5437"}],"version-history":[{"count":87,"href":"https:\/\/test.newcreationtv.org\/es\/wp-json\/wp\/v2\/pages\/5437\/revisions"}],"predecessor-version":[{"id":12248,"href":"https:\/\/test.newcreationtv.org\/es\/wp-json\/wp\/v2\/pages\/5437\/revisions\/12248"}],"wp:attachment":[{"href":"https:\/\/test.newcreationtv.org\/es\/wp-json\/wp\/v2\/media?parent=5437"}],"curies":[{"name":"wp","href":"https:\/\/api.w.org\/{rel}","templated":true}]}}