{"id":5432,"date":"2024-12-05T03:53:18","date_gmt":"2024-12-05T03:53:18","guid":{"rendered":"https:\/\/test.newcreationtv.org\/es\/?page_id=5432"},"modified":"2025-05-14T11:54:20","modified_gmt":"2025-05-14T03:54:20","slug":"politica-de-cookies","status":"publish","type":"page","link":"https:\/\/test.newcreationtv.org\/es\/politica-de-cookies\/","title":{"rendered":"Pol\u00edtica De Cookies"},"content":{"rendered":"\t\t<div data-elementor-type=\"wp-page\" data-elementor-id=\"5432\" class=\"elementor elementor-5432\" data-elementor-post-type=\"page\">\n\t\t\t\t<div class=\"elementor-element elementor-element-9b468ee e-flex e-con-boxed e-con e-parent\" data-id=\"9b468ee\" data-element_type=\"container\" data-e-type=\"container\">\n\t\t\t\t\t<div class=\"e-con-inner\">\n\t\t\t\t<div class=\"elementor-element elementor-element-55f2846 elementor-widget elementor-widget-text-editor\" data-id=\"55f2846\" data-element_type=\"widget\" data-e-type=\"widget\" data-widget_type=\"text-editor.default\">\n\t\t\t\t<div class=\"elementor-widget-container\">\n\t\t\t\t\t\t\t\t\t<div class=\"page-header text-center\"><h2 itemprop=\"headline\" class=\"text-theme-primary\">POL\u00cdTICA DE COOKIES<\/h2><\/div><p><\/p><h5><strong>1. QU\u00c9 SON LAS COOKIES<\/strong><\/h5><p>Una cookie es una peque\u00f1a cantidad de datos que se env\u00eda a tu navegador y se almacena en tu ordenador como un archivo de texto. Las cookies guardan una peque\u00f1a cantidad de informaci\u00f3n espec\u00edfica sobre ti y recuerdan tus actividades concretas en nuestro sitio web. Esto puede incluir informaci\u00f3n sobre la forma en que utiliza nuestro sitio web, tu elecci\u00f3n de navegador de Internet, el tipo de dispositivo desde el que accede a nuestro sitio web y en qu\u00e9 parte del mundo te encuentra.<\/p><h5><strong>2. C\u00d3MO LAS UTILIZAMOS EN NUESTRO SITIO WEB<\/strong><\/h5><p>Para disfrutar plenamente de nuestro sitio web, te recomendamos que permitas que tu navegador acepte las cookies. Si rechaza las cookies, es posible que no puedas acceder a algunas partes del sitio. Los datos de las cookies que recopilamos pueden ser utilizados para personalizar el contenido de nuestro sitio web y para ayudarnos a comprender las necesidades actuales y futuras de los visitantes.<\/p><h5><strong>3. TIPOS DE COOKIES<\/strong><\/h5><p>Trabajamos con una serie de proveedores externos que implantan cookies en nuestro sitio web para poder prestarnos servicios. Estas cookies se utilizan principalmente para elaborar informes que nos permitan mejorar nuestra comunicaci\u00f3n.<\/p><p><span style=\"text-decoration: underline;\"><strong>Cookies de terceros<\/strong><\/span><\/p><p>Nuestro sitio web puede contener p\u00e1ginas con funciones integradas, herramientas de redes sociales o enlaces suministrados por terceros (por ejemplo, v\u00eddeos integrados de YouTube). Estas funciones o enlaces pueden contener cookies de terceros. No controlamos la configuraci\u00f3n de estas cookies, por lo que te sugerimos que consulte el sitio web de terceros para obtener m\u00e1s informaci\u00f3n sobre sus cookies y c\u00f3mo gestionarlas.<\/p><p><span style=\"text-decoration: underline;\"><strong>Google Analytics<\/strong><\/span><\/p><p>Tambi\u00e9n utilizamos Google Analytics para supervisar c\u00f3mo se utiliza nuestro sitio web. Google utiliza los datos que recopila para rastrear y examinar el uso de nuestro sitio web, que luego se utiliza para preparar informes sobre estas actividades y compartirlos con otros servicios de Google. Google puede utilizar los datos que recopila para contextualizar y personalizar la publicidad en su propia red. La informaci\u00f3n recopilada por dichas cookies es agregada y no puede utilizarse para identificarte personalmente. Para obtener m\u00e1s informaci\u00f3n, consulte la <span style=\"text-decoration: underline;\"><a href=\"https:\/\/policies.google.com\/privacy\" target=\"_blank\" rel=\"noopener\">Pol\u00edtica de privacidad de Google.<\/a><\/span><\/p><p>Dado que algunos de estos servicios pueden tener su sede fuera de la Uni\u00f3n Europea (UE), es posible que no est\u00e9n bajo la jurisdicci\u00f3n de los tribunales de la UE. Si esto le preocupa, puede cambiar la configuraci\u00f3n de las cookies.<\/p><h5><strong>4. GESTI\u00d3N DE COOKIES<\/strong><\/h5><p><span style=\"text-decoration: underline;\"><strong>Navegador<\/strong><\/span><\/p><p>La mayor\u00eda de los navegadores permiten desactivar la funci\u00f3n de cookies. Para ello, puedes consultar en los enlaces siguientes la gu\u00eda de cada navegador sobre c\u00f3mo desautorizar o eliminar las cookies.<\/p><ul><li><a href=\"https:\/\/support.google.com\/chrome\/answer\/95647?co=GENIE.Platform=Desktop&amp;hl=en\" target=\"_blank\" rel=\"noopener\">Chrome<\/a><\/li><li><a href=\"https:\/\/support.mozilla.org\/en-US\/kb\/cookies-information-websites-store-on-your-computer\" target=\"_blank\" rel=\"noopener\">Firefox<\/a><\/li><li><a href=\"https:\/\/support.microsoft.com\/en-us\/help\/17442\/windows-internet-explorer-delete-manage-cookies#ie=ie-11\" target=\"_blank\" rel=\"noopener\">Internet Explorer<\/a><\/li><li><a href=\"https:\/\/support.apple.com\/en-sg\/guide\/safari\/sfri11471\/mac\" target=\"_blank\" rel=\"noopener\">Safari<\/a><\/li><\/ul><p><span style=\"text-decoration: underline;\"><strong>Google Analytics<\/strong><\/span><\/p><p>Para excluirse de Google Analytics, puedes descargar un plugin de exclusi\u00f3n <span style=\"text-decoration: underline;\"><a href=\"https:\/\/tools.google.com\/dlpage\/gaoptout\" target=\"_blank\" rel=\"noopener\">aqu\u00ed<\/a><\/span>. Este plugin excluir\u00e1 tu visita de las estad\u00edsticas de todos los sitios web que utilicen Google Analytics.<\/p>\t\t\t\t\t\t\t\t<\/div>\n\t\t\t\t<\/div>\n\t\t\t\t\t<\/div>\n\t\t\t\t<\/div>\n\t\t\t\t<\/div>\n\t\t","protected":false},"excerpt":{"rendered":"<p>POL\u00cdTICA DE COOKIES 1. QU\u00c9 SON LAS COOKIES Una cookie es una peque\u00f1a cantidad de datos que se env\u00eda a tu navegador y se almacena en tu ordenador como un archivo de texto. Las cookies guardan una peque\u00f1a cantidad de informaci\u00f3n espec\u00edfica sobre ti y recuerdan tus actividades concretas en nuestro sitio web. Esto puede [&hellip;]<\/p>\n","protected":false},"author":2,"featured_media":0,"parent":0,"menu_order":0,"comment_status":"closed","ping_status":"closed","template":"","meta":{"footnotes":"","_links_to":"","_links_to_target":""},"class_list":["post-5432","page","type-page","status-publish","hentry"],"yoast_head":"<!-- This site is optimized with the Yoast SEO plugin v26.1.1 - https:\/\/yoast.com\/wordpress\/plugins\/seo\/ -->\n<title>Pol\u00edtica De Cookies - New Creation TV Espa\u00f1ol<\/title>\n<meta name=\"robots\" content=\"index, follow, max-snippet:-1, max-image-preview:large, max-video-preview:-1\" \/>\n<link rel=\"canonical\" href=\"https:\/\/test.newcreationtv.org\/es\/politica-de-cookies\/\" \/>\n<meta property=\"og:locale\" content=\"en_US\" \/>\n<meta property=\"og:type\" content=\"article\" \/>\n<meta property=\"og:title\" content=\"Pol\u00edtica De Cookies - New Creation TV Espa\u00f1ol\" \/>\n<meta property=\"og:description\" content=\"POL\u00cdTICA DE COOKIES 1. QU\u00c9 SON LAS COOKIES Una cookie es una peque\u00f1a cantidad de datos que se env\u00eda a tu navegador y se almacena en tu ordenador como un archivo de texto. Las cookies guardan una peque\u00f1a cantidad de informaci\u00f3n espec\u00edfica sobre ti y recuerdan tus actividades concretas en nuestro sitio web. Esto puede [&hellip;]\" \/>\n<meta property=\"og:url\" content=\"https:\/\/test.newcreationtv.org\/es\/politica-de-cookies\/\" \/>\n<meta property=\"og:site_name\" content=\"New Creation TV Espa\u00f1ol\" \/>\n<meta property=\"article:modified_time\" content=\"2025-05-14T03:54:20+00:00\" \/>\n<meta name=\"twitter:card\" content=\"summary_large_image\" \/>\n<meta name=\"twitter:label1\" content=\"Est. reading time\" \/>\n\t<meta name=\"twitter:data1\" content=\"2 minutes\" \/>\n<script type=\"application\/ld+json\" class=\"yoast-schema-graph\">{\"@context\":\"https:\/\/schema.org\",\"@graph\":[{\"@type\":\"WebPage\",\"@id\":\"https:\/\/test.newcreationtv.org\/es\/politica-de-cookies\/\",\"url\":\"https:\/\/test.newcreationtv.org\/es\/politica-de-cookies\/\",\"name\":\"Pol\u00edtica De Cookies - New Creation TV Espa\u00f1ol\",\"isPartOf\":{\"@id\":\"https:\/\/test.newcreationtv.org\/es\/#website\"},\"datePublished\":\"2024-12-05T03:53:18+00:00\",\"dateModified\":\"2025-05-14T03:54:20+00:00\",\"breadcrumb\":{\"@id\":\"https:\/\/test.newcreationtv.org\/es\/politica-de-cookies\/#breadcrumb\"},\"inLanguage\":\"en-US\",\"potentialAction\":[{\"@type\":\"ReadAction\",\"target\":[\"https:\/\/test.newcreationtv.org\/es\/politica-de-cookies\/\"]}]},{\"@type\":\"BreadcrumbList\",\"@id\":\"https:\/\/test.newcreationtv.org\/es\/politica-de-cookies\/#breadcrumb\",\"itemListElement\":[{\"@type\":\"ListItem\",\"position\":1,\"name\":\"Home\",\"item\":\"https:\/\/test.newcreationtv.org\/es\/\"},{\"@type\":\"ListItem\",\"position\":2,\"name\":\"Pol\u00edtica De Cookies\"}]},{\"@type\":\"WebSite\",\"@id\":\"https:\/\/test.newcreationtv.org\/es\/#website\",\"url\":\"https:\/\/test.newcreationtv.org\/es\/\",\"name\":\"New Creation TV Espa\u00f1ol\",\"description\":\"\",\"potentialAction\":[{\"@type\":\"SearchAction\",\"target\":{\"@type\":\"EntryPoint\",\"urlTemplate\":\"https:\/\/test.newcreationtv.org\/es\/?s={search_term_string}\"},\"query-input\":{\"@type\":\"PropertyValueSpecification\",\"valueRequired\":true,\"valueName\":\"search_term_string\"}}],\"inLanguage\":\"en-US\"}]}<\/script>\n<!-- \/ Yoast SEO plugin. -->","yoast_head_json":{"title":"Pol\u00edtica De Cookies - New Creation TV Espa\u00f1ol","robots":{"index":"index","follow":"follow","max-snippet":"max-snippet:-1","max-image-preview":"max-image-preview:large","max-video-preview":"max-video-preview:-1"},"canonical":"https:\/\/test.newcreationtv.org\/es\/politica-de-cookies\/","og_locale":"en_US","og_type":"article","og_title":"Pol\u00edtica De Cookies - New Creation TV Espa\u00f1ol","og_description":"POL\u00cdTICA DE COOKIES 1. QU\u00c9 SON LAS COOKIES Una cookie es una peque\u00f1a cantidad de datos que se env\u00eda a tu navegador y se almacena en tu ordenador como un archivo de texto. Las cookies guardan una peque\u00f1a cantidad de informaci\u00f3n espec\u00edfica sobre ti y recuerdan tus actividades concretas en nuestro sitio web. Esto puede [&hellip;]","og_url":"https:\/\/test.newcreationtv.org\/es\/politica-de-cookies\/","og_site_name":"New Creation TV Espa\u00f1ol","article_modified_time":"2025-05-14T03:54:20+00:00","twitter_card":"summary_large_image","twitter_misc":{"Est. reading time":"2 minutes"},"schema":{"@context":"https:\/\/schema.org","@graph":[{"@type":"WebPage","@id":"https:\/\/test.newcreationtv.org\/es\/politica-de-cookies\/","url":"https:\/\/test.newcreationtv.org\/es\/politica-de-cookies\/","name":"Pol\u00edtica De Cookies - New Creation TV Espa\u00f1ol","isPartOf":{"@id":"https:\/\/test.newcreationtv.org\/es\/#website"},"datePublished":"2024-12-05T03:53:18+00:00","dateModified":"2025-05-14T03:54:20+00:00","breadcrumb":{"@id":"https:\/\/test.newcreationtv.org\/es\/politica-de-cookies\/#breadcrumb"},"inLanguage":"en-US","potentialAction":[{"@type":"ReadAction","target":["https:\/\/test.newcreationtv.org\/es\/politica-de-cookies\/"]}]},{"@type":"BreadcrumbList","@id":"https:\/\/test.newcreationtv.org\/es\/politica-de-cookies\/#breadcrumb","itemListElement":[{"@type":"ListItem","position":1,"name":"Home","item":"https:\/\/test.newcreationtv.org\/es\/"},{"@type":"ListItem","position":2,"name":"Pol\u00edtica De Cookies"}]},{"@type":"WebSite","@id":"https:\/\/test.newcreationtv.org\/es\/#website","url":"https:\/\/test.newcreationtv.org\/es\/","name":"New Creation TV Espa\u00f1ol","description":"","potentialAction":[{"@type":"SearchAction","target":{"@type":"EntryPoint","urlTemplate":"https:\/\/test.newcreationtv.org\/es\/?s={search_term_string}"},"query-input":{"@type":"PropertyValueSpecification","valueRequired":true,"valueName":"search_term_string"}}],"inLanguage":"en-US"}]}},"_links":{"self":[{"href":"https:\/\/test.newcreationtv.org\/es\/wp-json\/wp\/v2\/pages\/5432","targetHints":{"allow":["GET"]}}],"collection":[{"href":"https:\/\/test.newcreationtv.org\/es\/wp-json\/wp\/v2\/pages"}],"about":[{"href":"https:\/\/test.newcreationtv.org\/es\/wp-json\/wp\/v2\/types\/page"}],"author":[{"embeddable":true,"href":"https:\/\/test.newcreationtv.org\/es\/wp-json\/wp\/v2\/users\/2"}],"replies":[{"embeddable":true,"href":"https:\/\/test.newcreationtv.org\/es\/wp-json\/wp\/v2\/comments?post=5432"}],"version-history":[{"count":118,"href":"https:\/\/test.newcreationtv.org\/es\/wp-json\/wp\/v2\/pages\/5432\/revisions"}],"predecessor-version":[{"id":11511,"href":"https:\/\/test.newcreationtv.org\/es\/wp-json\/wp\/v2\/pages\/5432\/revisions\/11511"}],"wp:attachment":[{"href":"https:\/\/test.newcreationtv.org\/es\/wp-json\/wp\/v2\/media?parent=5432"}],"curies":[{"name":"wp","href":"https:\/\/api.w.org\/{rel}","templated":true}]}}