{"id":3,"date":"2024-10-17T09:24:23","date_gmt":"2024-10-17T09:24:23","guid":{"rendered":"https:\/\/test.newcreationtv.org\/es\/?page_id=3"},"modified":"2025-06-30T16:20:12","modified_gmt":"2025-06-30T08:20:12","slug":"aviso-de-privacidad","status":"publish","type":"page","link":"https:\/\/test.newcreationtv.org\/es\/aviso-de-privacidad\/","title":{"rendered":"Aviso De Privacidad"},"content":{"rendered":"\t\t<div data-elementor-type=\"wp-page\" data-elementor-id=\"3\" class=\"elementor elementor-3\" data-elementor-post-type=\"page\">\n\t\t\t\t<div class=\"elementor-element elementor-element-9b468ee e-flex e-con-boxed e-con e-parent\" data-id=\"9b468ee\" data-element_type=\"container\" data-e-type=\"container\">\n\t\t\t\t\t<div class=\"e-con-inner\">\n\t\t\t\t<div class=\"elementor-element elementor-element-55f2846 elementor-widget elementor-widget-text-editor\" data-id=\"55f2846\" data-element_type=\"widget\" data-e-type=\"widget\" data-widget_type=\"text-editor.default\">\n\t\t\t\t<div class=\"elementor-widget-container\">\n\t\t\t\t\t\t\t\t\t<div class=\"page-header text-center\"><h2 itemprop=\"headline\" class=\"text-theme-primary\">AVISO DE PRIVACIDAD<\/h2><\/div><p>\u00daltima actualizaci\u00f3n: 12 de noviembre de 2024<\/p><h5><strong>1. General<\/strong><\/h5><p>New Creation Church (&#8220;NCC&#8221;) se dedica a proteger tu privacidad y salvaguardar tus datos personales. NCC ha proporcionado este Aviso de de privacidad para explicar c\u00f3mo recopila, utiliza y divulga tus datos personales, y c\u00f3mo el uso o divulgaci\u00f3n de dichos datos beneficiar\u00e1 tu experiencia al utilizar los sitios web y aplicaciones web de NCC (colectivamente, las &#8220;Plataformas&#8221;), Este Aviso de privacidad tambi\u00e9n explica las opciones que puedes hacer sobre el uso que NCC hace de tu informaci\u00f3n, las medidas que NCC toma para proteger tu informaci\u00f3n, y c\u00f3mo t\u00fa puedes ponerte en contacto con NCC sobre tus pr\u00e1cticas de privacidad, para que tu puedas tomar decisiones informadas sobre qu\u00e9 datos personales compartir con NCC.<\/p><p>Al proporcionar tus datos personales en nuestras Plataformas, se considera que tu has consentido la recogida, uso y divulgaci\u00f3n de sus datos personales de conformidad con el presente Aviso de privacidad.<\/p><h5><strong>2. TIPOS DE DATOS PERSONALES RECOGIDOS<\/strong><\/h5><p>Los tipos de datos personales que recoge NCC pueden incluir tu nombre, direcci\u00f3n de correo electr\u00f3nico, fotograf\u00edas, grabaciones de v\u00eddeo, informaci\u00f3n audiovisual y otra informaci\u00f3n necesaria para satisfacer solicitudes especiales.<\/p><p>En el caso de que tu facilites a NCC cualquier dato personal relativo a terceros (por ejemplo, informaci\u00f3n relativa a c\u00f3nyuges e hijos) para cualquier fin, por ejemplo, informaci\u00f3n de contacto en caso de emergencia, tu confirmas que has obtenido el consentimiento de dicho tercero para que NCC recoja, utilice y revele tus datos personales de conformidad con el presente Aviso de privacidad.<\/p><p>NCC tambi\u00e9n puede recoger informaci\u00f3n no identificable personalmente sobre ti, como tu uso de nuestras Plataformas, direcciones de protocolo de Internet, informaci\u00f3n del navegador y del sistema inform\u00e1tico, cookies, p\u00edxeles invisibles, balizas web y datos agregados relacionados con tu uso de nuestras Plataformas.<\/p><p>Cuando env\u00edas un correo electr\u00f3nico a NCC con datos personales con el prop\u00f3sito de recibir cualquier forma de asistencia de NCC, aceptas permitir que NCC recopile, utilice y\/o revele dichos datos personales para facilitar la prestaci\u00f3n de dicha asistencia a ti.<\/p><h5><strong>3. FINALIDAD DE LA RECOGIDA, UTILIZACI\u00d3N Y DIVULGACI\u00d3N<\/strong><\/h5><p>NCC respeta tu privacidad. Es pr\u00e1ctica de NCC no pedirle informaci\u00f3n a menos que NCC la necesite y pretenda utilizarla. Tu aceptas que NCC pueda recoger, almacenar, procesar, revelar, acceder, revisar y\/o utilizar tus datos personales, ya sean obtenidos de ti o de otras fuentes, con el fin de gestionar tu relaci\u00f3n con NCC:<\/p><ol type=\"a\"><li>la prestaci\u00f3n de servicios;<\/li><li>enviar correos electr\u00f3nicos de activaci\u00f3n, confirmaci\u00f3n, acuse de recibo o recordatorio cada vez que te registres en cuentas de las Plataformas, o en relaci\u00f3n con el uso general que hagas de cualquier cuenta que tengas en cualquiera de las Plataformas;<\/li><li>enviarte invitaciones a eventos<\/li><li>permitirte acceder o usar las Plataformas;<\/li><li>fines de identificaci\u00f3n, verificaci\u00f3n y autenticaci\u00f3n<\/li><li>compartir tus testimonios;<\/li><li>permitirte registrarte o confirmar tu asistencia a eventos;<\/li><li>procesar y responder a las consultas o peticiones (incluyendo pero no limitado a las peticiones de oraci\u00f3n y asesoramiento) presentadas por ti;<\/li><li>an\u00e1lisis estad\u00edsticos;<\/li><li>enviarte correos electr\u00f3nicos para informarte de los recursos disponibles<\/li><\/ol><h5><strong>4. DIVULGACI\u00d3N<\/strong><\/h5><p>Los datos personales recogidos pueden compartirse con terceros (por ejemplo, proveedores) en las siguientes circunstancias:<\/p><ol type=\"a\"><li>Cuando NCC haya recibido tu consentimiento para ello;<\/li><li>Cuando se contrate a terceros para llevar a cabo cualquiera de los fines enumerados en la cl\u00e1usula 3 anterior para y en nombre de NCC;<\/li><li>En situaciones en las que compartir o revelar tu informaci\u00f3n sea necesario para ofrecerle productos o servicios que deseas;<\/li><li>Cuando sea necesario revelar dicha informaci\u00f3n a los asesores profesionales de NCC (incluyendo sin limitaci\u00f3n a nuestros abogados, contables y auditores);<\/li><li>Cuando las empresas o proveedores de servicios que realizan actividades comerciales en nombre de NCC (por ejemplo, atenci\u00f3n al cliente, venta de entradas y registro en l\u00ednea, servicios y soluciones digitales y servicios de marketing en l\u00ednea) requieran dicha informaci\u00f3n;<\/li><li>Para cumplir requisitos u obligaciones legales o reglamentarios de conformidad con la legislaci\u00f3n aplicable; y<\/li><li>En casos de emergencia en los que la divulgaci\u00f3n sea necesaria para salvaguardar la vida o la salud de una persona.<\/li><\/ol><p>NCC har\u00e1 todo lo posible para garantizar que tus datos personales est\u00e9n protegidos por dichos terceros.<\/p><p>Podemos incluir p\u00e1ginas de terceros en nuestras Plataformas y estas p\u00e1ginas de terceros pueden (si has dado consentimiento y aceptado las condiciones de uso, pol\u00edtica de privacidad o documento similar) utilizar informaci\u00f3n sobre tu visita a nuestra p\u00e1gina. Este Aviso de privacidad no se aplica a, y no somos responsables de, las pr\u00e1cticas de recopilaci\u00f3n de datos de estos sitios de terceros, y recomendamos que consultes sus avisos de privacidad para obtener m\u00e1s informaci\u00f3n sobre el uso de cookies y otras tecnolog\u00edas. Si se revelan datos personales seg\u00fan lo mencionado anteriormente, NCC intentar\u00e1 limitar el alcance de los datos personales que se faciliten a la cantidad necesaria para la realizaci\u00f3n del prop\u00f3sito espec\u00edfico. A menos que un proceso legal lo impida, NCC exige a terceros que protejan tus datos personales y cumplan las leyes y reglamentos aplicables en materia de privacidad.<\/p><h5><strong>5. RETIRADA DEL CONSENTIMIENTO<\/strong><\/h5><p>Tu puedes retirar el consentimiento que nos has proporcionado para la recogida, uso y divulgaci\u00f3n de tus datos personales poni\u00e9ndote en contacto con NCC directamente en <a href=\"mailto:dpo@newcreation.org.sg\">dpo@newcreation.org.sg<\/a> en cualquier momento.<\/p><p>Tras la recepci\u00f3n de tu solicitud por escrito para retirar tu consentimiento, NCC puede requerir un tiempo razonable (dependiendo de la complejidad de la solicitud y tu impacto en nuestra relaci\u00f3n contigo) para que tu solicitud sea procesada y para que NCC le notifique las consecuencias relativas a la misma. En general, trataremos de procesar tu solicitud dentro de los catorce (14) d\u00edas h\u00e1biles siguientes a su recepci\u00f3n.<\/p><p>Dependiendo de la naturaleza y el alcance de tu solicitud, NCC puede no estar en condiciones de continuar prest\u00e1ndote sus servicios, ya sea en las Plataformas o de otra manera, y NCC, en tales circunstancias, te notificaremos antes de completar el procesamiento de tu solicitud. Si decides cancelar tu retirada de consentimiento, por favor informa a NCC de la manera descrita anteriormente.<\/p><p>Tu puedes retirar tu consentimiento para que NCC utilice o revele tus datos personales, pero la retirada no afecta a nuestros derechos cuando (1) dicho uso o revelaci\u00f3n sea requerido por ley, (2) por motivos de inter\u00e9s nacional\/p\u00fablico, (3) los datos personales en cuesti\u00f3n hayan sido recogidos de fuentes p\u00fablicamente disponibles o (4) dicho uso o revelaci\u00f3n sea necesario en una emergencia en la que la vida o la salud de una persona est\u00e9 en peligro.<\/p><h5><strong>6. ACCESO, ACTUALIZACI\u00d3N Y ELIMINACI\u00d3N<\/strong><\/h5><p>Tienes derecho a acceder a tus datos personales, actualizarlos y eliminarlos. Puedes dejar de recibir correos electr\u00f3nicos utilizando el enlace \u00abdarse de baja\u00bb que figura en los correos que has recibido. Para actualizar tu correo electr\u00f3nico, puedes darte de baja con tu direcci\u00f3n de correo electr\u00f3nico actual y suscribirte de nuevo con tu nueva direcci\u00f3n de correo electr\u00f3nico.<\/p><h5><strong>7. CONSERVACI\u00d3N DE DATOS PERSONALES<\/strong><\/h5><p>Si solicitas eliminar tu cuenta de nuestras Plataformas, haremos todos los esfuerzos razonables para dejar de conservar los datos personales asociados a dicha cuenta y eliminaremos los medios por los que los datos personales pueden asociarse al usuario en el momento oportuno.<\/p><p>En cualquier caso, almacenaremos tus datos personales \u00fanicamente durante el per\u00edodo de tiempo necesario para cumplir los fines para los que se recopilaron dichos datos personales, o seg\u00fan lo exija o permita la legislaci\u00f3n aplicable. Una vez que determinemos que la conservaci\u00f3n de tus datos personales ya no es necesaria para esos fines, o que la conservaci\u00f3n ya no es necesaria para cualquier fin legal o comercial, dejaremos de conservar tus datos personales, o anonimizaremos los datos personales para que ya no puedan utilizarse para identificar a ninguna persona en particular.<\/p><h5><strong>8. FLUJOS TRANSFRONTERIZOS DE DATOS<\/strong><\/h5><p>NCC no transferir\u00e1 tus datos personales a un pa\u00eds o territorio fuera de Singapur, excepto en los casos especificados en este Aviso de privacidad. Al utilizar los servicios de nuestras Plataformas, tu entiendes, reconoces y consientes la transferencia de tus datos personales fuera de Singapur cuando sea necesario para prestarle dichos servicios.<\/p><p>Si tus datos personales se transfieren fuera de Singapur, NCC tomar\u00e1 las medidas oportunas para garantizar que los destinatarios de los mismos est\u00e9n sujetos a obligaciones legalmente exigibles (tales como leyes, contratos, normas corporativas vinculantes o cualquier otro instrumento legalmente vinculante), de modo que tus datos personales sigan recibiendo un nivel de protecci\u00f3n que sea al menos comparable al previsto en la PDPA.<\/p><h5><strong>9. VARIACI\u00d3N<\/strong><\/h5><p>NCC puede modificar este Aviso de privacidad de vez en cuando. NCC anima a los usuarios a visitar regularmente las Plataformas para mantenerse al d\u00eda de estos cambios. Se considera que los usuarios han dado consentimiento a todos y cada uno de los cambios en las Plataformas y\/o en este Aviso de privacidad, seg\u00fan sea el caso, a partir de la fecha en que dichos cambios se publiquen en l\u00ednea.<\/p><h5><strong>10. SEGURIDAD<\/strong><\/h5><p>NCC mantendr\u00e1 medidas de seguridad t\u00e9cnicas y organizativas razonables para proteger los datos personales de la p\u00e9rdida, el uso indebido y el acceso, uso, divulgaci\u00f3n, alteraci\u00f3n, modificaci\u00f3n o destrucci\u00f3n no autorizados.<\/p><h5><strong>11. NO SE CREAN DERECHOS NI OBLIGACIONES<\/strong><\/h5><p>Aunque NCC har\u00e1 todos los esfuerzos razonables para almacenar los datos personales recogidos por NCC en un servidor seguro y\/o archivos seguros y mantener dicha informaci\u00f3n exacta y actualizada, tenga en cuenta que Internet no es un medio seguro para la transmisi\u00f3n de informaci\u00f3n. Por lo tanto, NCC no puede aceptar la responsabilidad, asegurar o garantizar la seguridad de la informaci\u00f3n que tu env\u00edes o recibas de NCC a trav\u00e9s de Internet. En la m\u00e1xima medida permitida por la ley, NCC declina toda responsabilidad por cualquier reclamaci\u00f3n, da\u00f1o o p\u00e9rdida relacionada con la p\u00e9rdida o el uso no autorizado de datos personales, ya sea por acceso no autorizado al servidor o a los archivos o por cualquier otro motivo.<\/p><h5><strong>12. CONTACTO<\/strong><\/h5><p>Si deseas actualizar tus datos o modificar tus preferencias de comunicaci\u00f3n, puede hacerlo: <a href=\"https:\/\/test.newcreationtv.org\/es\/tienes-alguna-pregunta\/\" target=\"_blank\" rel=\"noopener\">https:\/\/newcreationtv.org\/es\/tienes-alguna-pregunta.<\/a><\/p><p>Si tienes comentarios, preguntas o dudas sobre la privacidad de los datos o las pol\u00edticas de privacidad de NCC, puedes ponerte en contacto con nosotros en <a href=\"mailto:dpo@newcreation.org.sg\">dpo@newcreation.org.sg<\/a><\/p><p><strong>Reglamento general de protecci\u00f3n de datos (RGPD) &#8211; Representante europeo<\/strong><\/p><p>De conformidad con el art\u00edculo 27 del Reglamento General de Protecci\u00f3n de Datos (RGPD), Iglesia New Creation ha designado a European Data Protection Office (EDPO) como su <a href=\"https:\/\/www.smartcertificate.com\/SmartDiploma\/?1%7cf9c1a0e1-13b5-4169-9963-f5d6f75ea338%7ce7809128-bf6f-44a5-af64-7c48348d113c#\/\" target=\"_blank\" rel=\"noopener\">Representante para el RGPD en la UE<\/a>. Puede ponerse en contacto con EDPO en relaci\u00f3n con asuntos relativos al GDPR:<\/p><ul><li>utilizando el formulario de solicitud en l\u00ednea de la EDPO <a href=\"https:\/\/edpo.com\/gdpr-data-request\/\" target=\"_blank\" rel=\"noopener\">https:\/\/edpo.com\/gdpr-data-request\/<\/a><\/li><li>escribiendo a la EDPO, Avenue Huart Hamoir 71, 1030 Brussels, Belgium<\/li><\/ul><p><strong>Reglamento General de Protecci\u00f3n de Datos del Reino Unido (RGPD) &#8211; Representante en el Reino Unido<\/strong><\/p><p>De conformidad con el art\u00edculo 27 del GDPR del Reino Unido, New Creation Church ha designado a EDPO UK Ltd como su <a href=\"https:\/\/www.smartcertificate.com\/SmartDiploma\/?1%7cd7eb7c11-1523-4996-910f-54aa54fd2d13%7ce7809128-bf6f-44a5-af64-7c48348d113c#\/\" target=\"_blank\" rel=\"noopener\">Representante del GDPR del Reino Unido en el Reino Unido<\/a>. Puede ponerse en contacto con EDPO UK en relaci\u00f3n con cuestiones relativas al GDPR del Reino Unido:<\/p><ul><li>utilizando el formulario de solicitud en l\u00ednea de EDPO UK: <a href=\"https:\/\/edpo.com\/uk-gdpr-data-request\/\" target=\"_blank\" rel=\"noopener\">https:\/\/edpo.com\/uk-gdpr-data-request\/<\/a><\/li><li>escribiendo a EDPO UK at 8 Northumberland Avenue, London WC2N 5BY, United Kingdom<\/li><\/ul>\t\t\t\t\t\t\t\t<\/div>\n\t\t\t\t<\/div>\n\t\t<div class=\"elementor-element elementor-element-41a7990 e-con-full e-flex e-con e-child\" data-id=\"41a7990\" data-element_type=\"container\" data-e-type=\"container\">\n\t\t\t\t<div class=\"elementor-element elementor-element-ab11da3 elementor-widget elementor-widget-image\" data-id=\"ab11da3\" data-element_type=\"widget\" data-e-type=\"widget\" data-widget_type=\"image.default\">\n\t\t\t\t<div class=\"elementor-widget-container\">\n\t\t\t\t\t\t\t\t\t\t\t\t\t\t\t<img decoding=\"async\" width=\"300\" height=\"97\" src=\"https:\/\/test.newcreationtv.org\/es\/wp-content\/uploads\/sites\/23\/2025\/05\/logo-edpo-v3-300x97.png\" class=\"attachment-medium size-medium wp-image-11120\" alt=\"\" srcset=\"https:\/\/test.newcreationtv.org\/es\/wp-content\/uploads\/sites\/23\/2025\/05\/logo-edpo-v3-300x97.png 300w, https:\/\/test.newcreationtv.org\/es\/wp-content\/uploads\/sites\/23\/2025\/05\/logo-edpo-v3-768x250.png 768w, https:\/\/test.newcreationtv.org\/es\/wp-content\/uploads\/sites\/23\/2025\/05\/logo-edpo-v3.png 874w\" sizes=\"(max-width: 300px) 100vw, 300px\" \/>\t\t\t\t\t\t\t\t\t\t\t\t\t\t\t<\/div>\n\t\t\t\t<\/div>\n\t\t\t\t<\/div>\n\t\t\t\t\t<\/div>\n\t\t\t\t<\/div>\n\t\t\t\t<\/div>\n\t\t","protected":false},"excerpt":{"rendered":"<p>AVISO DE PRIVACIDAD \u00daltima actualizaci\u00f3n: 12 de noviembre de 2024 1. General New Creation Church (&#8220;NCC&#8221;) se dedica a proteger tu privacidad y salvaguardar tus datos personales. NCC ha proporcionado este Aviso de de privacidad para explicar c\u00f3mo recopila, utiliza y divulga tus datos personales, y c\u00f3mo el uso o divulgaci\u00f3n de dichos datos beneficiar\u00e1 [&hellip;]<\/p>\n","protected":false},"author":1,"featured_media":0,"parent":0,"menu_order":0,"comment_status":"closed","ping_status":"open","template":"","meta":{"footnotes":"","_links_to":"","_links_to_target":""},"class_list":["post-3","page","type-page","status-publish","hentry"],"yoast_head":"<!-- This site is optimized with the Yoast SEO plugin v26.1.1 - https:\/\/yoast.com\/wordpress\/plugins\/seo\/ -->\n<title>Aviso De Privacidad - New Creation TV Espa\u00f1ol<\/title>\n<meta name=\"robots\" content=\"index, follow, max-snippet:-1, max-image-preview:large, max-video-preview:-1\" \/>\n<link rel=\"canonical\" href=\"https:\/\/test.newcreationtv.org\/es\/aviso-de-privacidad\/\" \/>\n<meta property=\"og:locale\" content=\"en_US\" \/>\n<meta property=\"og:type\" content=\"article\" \/>\n<meta property=\"og:title\" content=\"Aviso De Privacidad - New Creation TV Espa\u00f1ol\" \/>\n<meta property=\"og:description\" content=\"AVISO DE PRIVACIDAD \u00daltima actualizaci\u00f3n: 12 de noviembre de 2024 1. General New Creation Church (&#8220;NCC&#8221;) se dedica a proteger tu privacidad y salvaguardar tus datos personales. NCC ha proporcionado este Aviso de de privacidad para explicar c\u00f3mo recopila, utiliza y divulga tus datos personales, y c\u00f3mo el uso o divulgaci\u00f3n de dichos datos beneficiar\u00e1 [&hellip;]\" \/>\n<meta property=\"og:url\" content=\"https:\/\/test.newcreationtv.org\/es\/aviso-de-privacidad\/\" \/>\n<meta property=\"og:site_name\" content=\"New Creation TV Espa\u00f1ol\" \/>\n<meta property=\"article:modified_time\" content=\"2025-06-30T08:20:12+00:00\" \/>\n<meta property=\"og:image\" content=\"https:\/\/test.newcreationtv.org\/es\/wp-content\/uploads\/sites\/23\/2025\/05\/logo-edpo-v3.png\" \/>\n\t<meta property=\"og:image:width\" content=\"874\" \/>\n\t<meta property=\"og:image:height\" content=\"284\" \/>\n\t<meta property=\"og:image:type\" content=\"image\/png\" \/>\n<meta name=\"twitter:card\" content=\"summary_large_image\" \/>\n<meta name=\"twitter:label1\" content=\"Est. reading time\" \/>\n\t<meta name=\"twitter:data1\" content=\"9 minutes\" \/>\n<script type=\"application\/ld+json\" class=\"yoast-schema-graph\">{\"@context\":\"https:\/\/schema.org\",\"@graph\":[{\"@type\":\"WebPage\",\"@id\":\"https:\/\/test.newcreationtv.org\/es\/aviso-de-privacidad\/\",\"url\":\"https:\/\/test.newcreationtv.org\/es\/aviso-de-privacidad\/\",\"name\":\"Aviso De Privacidad - New Creation TV Espa\u00f1ol\",\"isPartOf\":{\"@id\":\"https:\/\/test.newcreationtv.org\/es\/#website\"},\"primaryImageOfPage\":{\"@id\":\"https:\/\/test.newcreationtv.org\/es\/aviso-de-privacidad\/#primaryimage\"},\"image\":{\"@id\":\"https:\/\/test.newcreationtv.org\/es\/aviso-de-privacidad\/#primaryimage\"},\"thumbnailUrl\":\"https:\/\/test.newcreationtv.org\/es\/wp-content\/uploads\/sites\/23\/2025\/05\/logo-edpo-v3-300x97.png\",\"datePublished\":\"2024-10-17T09:24:23+00:00\",\"dateModified\":\"2025-06-30T08:20:12+00:00\",\"breadcrumb\":{\"@id\":\"https:\/\/test.newcreationtv.org\/es\/aviso-de-privacidad\/#breadcrumb\"},\"inLanguage\":\"en-US\",\"potentialAction\":[{\"@type\":\"ReadAction\",\"target\":[\"https:\/\/test.newcreationtv.org\/es\/aviso-de-privacidad\/\"]}]},{\"@type\":\"ImageObject\",\"inLanguage\":\"en-US\",\"@id\":\"https:\/\/test.newcreationtv.org\/es\/aviso-de-privacidad\/#primaryimage\",\"url\":\"https:\/\/test.newcreationtv.org\/es\/wp-content\/uploads\/sites\/23\/2025\/05\/logo-edpo-v3.png\",\"contentUrl\":\"https:\/\/test.newcreationtv.org\/es\/wp-content\/uploads\/sites\/23\/2025\/05\/logo-edpo-v3.png\",\"width\":874,\"height\":284},{\"@type\":\"BreadcrumbList\",\"@id\":\"https:\/\/test.newcreationtv.org\/es\/aviso-de-privacidad\/#breadcrumb\",\"itemListElement\":[{\"@type\":\"ListItem\",\"position\":1,\"name\":\"Home\",\"item\":\"https:\/\/test.newcreationtv.org\/es\/\"},{\"@type\":\"ListItem\",\"position\":2,\"name\":\"Aviso De Privacidad\"}]},{\"@type\":\"WebSite\",\"@id\":\"https:\/\/test.newcreationtv.org\/es\/#website\",\"url\":\"https:\/\/test.newcreationtv.org\/es\/\",\"name\":\"New Creation TV Espa\u00f1ol\",\"description\":\"\",\"potentialAction\":[{\"@type\":\"SearchAction\",\"target\":{\"@type\":\"EntryPoint\",\"urlTemplate\":\"https:\/\/test.newcreationtv.org\/es\/?s={search_term_string}\"},\"query-input\":{\"@type\":\"PropertyValueSpecification\",\"valueRequired\":true,\"valueName\":\"search_term_string\"}}],\"inLanguage\":\"en-US\"}]}<\/script>\n<!-- \/ Yoast SEO plugin. -->","yoast_head_json":{"title":"Aviso De Privacidad - New Creation TV Espa\u00f1ol","robots":{"index":"index","follow":"follow","max-snippet":"max-snippet:-1","max-image-preview":"max-image-preview:large","max-video-preview":"max-video-preview:-1"},"canonical":"https:\/\/test.newcreationtv.org\/es\/aviso-de-privacidad\/","og_locale":"en_US","og_type":"article","og_title":"Aviso De Privacidad - New Creation TV Espa\u00f1ol","og_description":"AVISO DE PRIVACIDAD \u00daltima actualizaci\u00f3n: 12 de noviembre de 2024 1. General New Creation Church (&#8220;NCC&#8221;) se dedica a proteger tu privacidad y salvaguardar tus datos personales. NCC ha proporcionado este Aviso de de privacidad para explicar c\u00f3mo recopila, utiliza y divulga tus datos personales, y c\u00f3mo el uso o divulgaci\u00f3n de dichos datos beneficiar\u00e1 [&hellip;]","og_url":"https:\/\/test.newcreationtv.org\/es\/aviso-de-privacidad\/","og_site_name":"New Creation TV Espa\u00f1ol","article_modified_time":"2025-06-30T08:20:12+00:00","og_image":[{"width":874,"height":284,"url":"https:\/\/test.newcreationtv.org\/es\/wp-content\/uploads\/sites\/23\/2025\/05\/logo-edpo-v3.png","type":"image\/png"}],"twitter_card":"summary_large_image","twitter_misc":{"Est. reading time":"9 minutes"},"schema":{"@context":"https:\/\/schema.org","@graph":[{"@type":"WebPage","@id":"https:\/\/test.newcreationtv.org\/es\/aviso-de-privacidad\/","url":"https:\/\/test.newcreationtv.org\/es\/aviso-de-privacidad\/","name":"Aviso De Privacidad - New Creation TV Espa\u00f1ol","isPartOf":{"@id":"https:\/\/test.newcreationtv.org\/es\/#website"},"primaryImageOfPage":{"@id":"https:\/\/test.newcreationtv.org\/es\/aviso-de-privacidad\/#primaryimage"},"image":{"@id":"https:\/\/test.newcreationtv.org\/es\/aviso-de-privacidad\/#primaryimage"},"thumbnailUrl":"https:\/\/test.newcreationtv.org\/es\/wp-content\/uploads\/sites\/23\/2025\/05\/logo-edpo-v3-300x97.png","datePublished":"2024-10-17T09:24:23+00:00","dateModified":"2025-06-30T08:20:12+00:00","breadcrumb":{"@id":"https:\/\/test.newcreationtv.org\/es\/aviso-de-privacidad\/#breadcrumb"},"inLanguage":"en-US","potentialAction":[{"@type":"ReadAction","target":["https:\/\/test.newcreationtv.org\/es\/aviso-de-privacidad\/"]}]},{"@type":"ImageObject","inLanguage":"en-US","@id":"https:\/\/test.newcreationtv.org\/es\/aviso-de-privacidad\/#primaryimage","url":"https:\/\/test.newcreationtv.org\/es\/wp-content\/uploads\/sites\/23\/2025\/05\/logo-edpo-v3.png","contentUrl":"https:\/\/test.newcreationtv.org\/es\/wp-content\/uploads\/sites\/23\/2025\/05\/logo-edpo-v3.png","width":874,"height":284},{"@type":"BreadcrumbList","@id":"https:\/\/test.newcreationtv.org\/es\/aviso-de-privacidad\/#breadcrumb","itemListElement":[{"@type":"ListItem","position":1,"name":"Home","item":"https:\/\/test.newcreationtv.org\/es\/"},{"@type":"ListItem","position":2,"name":"Aviso De Privacidad"}]},{"@type":"WebSite","@id":"https:\/\/test.newcreationtv.org\/es\/#website","url":"https:\/\/test.newcreationtv.org\/es\/","name":"New Creation TV Espa\u00f1ol","description":"","potentialAction":[{"@type":"SearchAction","target":{"@type":"EntryPoint","urlTemplate":"https:\/\/test.newcreationtv.org\/es\/?s={search_term_string}"},"query-input":{"@type":"PropertyValueSpecification","valueRequired":true,"valueName":"search_term_string"}}],"inLanguage":"en-US"}]}},"_links":{"self":[{"href":"https:\/\/test.newcreationtv.org\/es\/wp-json\/wp\/v2\/pages\/3","targetHints":{"allow":["GET"]}}],"collection":[{"href":"https:\/\/test.newcreationtv.org\/es\/wp-json\/wp\/v2\/pages"}],"about":[{"href":"https:\/\/test.newcreationtv.org\/es\/wp-json\/wp\/v2\/types\/page"}],"author":[{"embeddable":true,"href":"https:\/\/test.newcreationtv.org\/es\/wp-json\/wp\/v2\/users\/1"}],"replies":[{"embeddable":true,"href":"https:\/\/test.newcreationtv.org\/es\/wp-json\/wp\/v2\/comments?post=3"}],"version-history":[{"count":87,"href":"https:\/\/test.newcreationtv.org\/es\/wp-json\/wp\/v2\/pages\/3\/revisions"}],"predecessor-version":[{"id":12245,"href":"https:\/\/test.newcreationtv.org\/es\/wp-json\/wp\/v2\/pages\/3\/revisions\/12245"}],"wp:attachment":[{"href":"https:\/\/test.newcreationtv.org\/es\/wp-json\/wp\/v2\/media?parent=3"}],"curies":[{"name":"wp","href":"https:\/\/api.w.org\/{rel}","templated":true}]}}