{"id":227,"date":"2024-10-24T06:18:26","date_gmt":"2024-10-24T06:18:26","guid":{"rendered":"https:\/\/test.newcreationtv.org\/es\/?page_id=227"},"modified":"2025-05-22T12:54:40","modified_gmt":"2025-05-22T04:54:40","slug":"articulos","status":"publish","type":"page","link":"https:\/\/test.newcreationtv.org\/es\/articulos\/","title":{"rendered":"Art\u00edculos"},"content":{"rendered":"\t\t<div data-elementor-type=\"wp-page\" data-elementor-id=\"227\" class=\"elementor elementor-227\" data-elementor-post-type=\"page\">\n\t\t\t\t<div class=\"elementor-element elementor-element-5313bd80 e-flex e-con-boxed e-con e-parent\" data-id=\"5313bd80\" data-element_type=\"container\" data-e-type=\"container\">\n\t\t\t\t\t<div class=\"e-con-inner\">\n\t\t\t\t<div class=\"elementor-element elementor-element-79f7f2b4 elementor-widget elementor-widget-text-editor\" data-id=\"79f7f2b4\" data-element_type=\"widget\" data-e-type=\"widget\" data-widget_type=\"text-editor.default\">\n\t\t\t\t<div class=\"elementor-widget-container\">\n\t\t\t\t\t\t\t\t\tDeja que estos art\u00edculos te hagan crecer en tu caminar con el Se\u00f1or, y te establezcan m\u00e1s profundamente en la fe.\t\t\t\t\t\t\t\t<\/div>\n\t\t\t\t<\/div>\n\t\t\t\t\t<\/div>\n\t\t\t\t<\/div>\n\t\t\t\t<\/div>\n\t\t","protected":false},"excerpt":{"rendered":"<p>Let these articles grow you in your walk with the Lord, and establish you deeper in faith!<\/p>\n","protected":false},"author":1,"featured_media":0,"parent":0,"menu_order":0,"comment_status":"closed","ping_status":"closed","template":"template-article.php","meta":{"footnotes":"","_links_to":"","_links_to_target":""},"class_list":["post-227","page","type-page","status-publish","hentry"],"yoast_head":"<!-- This site is optimized with the Yoast SEO plugin v26.1.1 - https:\/\/yoast.com\/wordpress\/plugins\/seo\/ -->\n<title>Art\u00edculos - New Creation TV Espa\u00f1ol<\/title>\n<meta name=\"robots\" content=\"index, follow, max-snippet:-1, max-image-preview:large, max-video-preview:-1\" \/>\n<link rel=\"canonical\" href=\"https:\/\/test.newcreationtv.org\/es\/articulos\/\" \/>\n<meta property=\"og:locale\" content=\"en_US\" \/>\n<meta property=\"og:type\" content=\"article\" \/>\n<meta property=\"og:title\" content=\"Art\u00edculos - New Creation TV Espa\u00f1ol\" \/>\n<meta property=\"og:description\" content=\"Let these articles grow you in your walk with the Lord, and establish you deeper in faith!\" \/>\n<meta property=\"og:url\" content=\"https:\/\/test.newcreationtv.org\/es\/articulos\/\" \/>\n<meta property=\"og:site_name\" content=\"New Creation TV Espa\u00f1ol\" \/>\n<meta property=\"article:modified_time\" content=\"2025-05-22T04:54:40+00:00\" \/>\n<meta name=\"twitter:card\" content=\"summary_large_image\" \/>\n<script type=\"application\/ld+json\" class=\"yoast-schema-graph\">{\"@context\":\"https:\/\/schema.org\",\"@graph\":[{\"@type\":\"WebPage\",\"@id\":\"https:\/\/test.newcreationtv.org\/es\/articulos\/\",\"url\":\"https:\/\/test.newcreationtv.org\/es\/articulos\/\",\"name\":\"Art\u00edculos - New Creation TV Espa\u00f1ol\",\"isPartOf\":{\"@id\":\"https:\/\/test.newcreationtv.org\/es\/#website\"},\"datePublished\":\"2024-10-24T06:18:26+00:00\",\"dateModified\":\"2025-05-22T04:54:40+00:00\",\"breadcrumb\":{\"@id\":\"https:\/\/test.newcreationtv.org\/es\/articulos\/#breadcrumb\"},\"inLanguage\":\"en-US\",\"potentialAction\":[{\"@type\":\"ReadAction\",\"target\":[\"https:\/\/test.newcreationtv.org\/es\/articulos\/\"]}]},{\"@type\":\"BreadcrumbList\",\"@id\":\"https:\/\/test.newcreationtv.org\/es\/articulos\/#breadcrumb\",\"itemListElement\":[{\"@type\":\"ListItem\",\"position\":1,\"name\":\"Home\",\"item\":\"https:\/\/test.newcreationtv.org\/es\/\"},{\"@type\":\"ListItem\",\"position\":2,\"name\":\"Art\u00edculos\"}]},{\"@type\":\"WebSite\",\"@id\":\"https:\/\/test.newcreationtv.org\/es\/#website\",\"url\":\"https:\/\/test.newcreationtv.org\/es\/\",\"name\":\"New Creation TV Espa\u00f1ol\",\"description\":\"\",\"potentialAction\":[{\"@type\":\"SearchAction\",\"target\":{\"@type\":\"EntryPoint\",\"urlTemplate\":\"https:\/\/test.newcreationtv.org\/es\/?s={search_term_string}\"},\"query-input\":{\"@type\":\"PropertyValueSpecification\",\"valueRequired\":true,\"valueName\":\"search_term_string\"}}],\"inLanguage\":\"en-US\"}]}<\/script>\n<!-- \/ Yoast SEO plugin. -->","yoast_head_json":{"title":"Art\u00edculos - New Creation TV Espa\u00f1ol","robots":{"index":"index","follow":"follow","max-snippet":"max-snippet:-1","max-image-preview":"max-image-preview:large","max-video-preview":"max-video-preview:-1"},"canonical":"https:\/\/test.newcreationtv.org\/es\/articulos\/","og_locale":"en_US","og_type":"article","og_title":"Art\u00edculos - New Creation TV Espa\u00f1ol","og_description":"Let these articles grow you in your walk with the Lord, and establish you deeper in faith!","og_url":"https:\/\/test.newcreationtv.org\/es\/articulos\/","og_site_name":"New Creation TV Espa\u00f1ol","article_modified_time":"2025-05-22T04:54:40+00:00","twitter_card":"summary_large_image","schema":{"@context":"https:\/\/schema.org","@graph":[{"@type":"WebPage","@id":"https:\/\/test.newcreationtv.org\/es\/articulos\/","url":"https:\/\/test.newcreationtv.org\/es\/articulos\/","name":"Art\u00edculos - New Creation TV Espa\u00f1ol","isPartOf":{"@id":"https:\/\/test.newcreationtv.org\/es\/#website"},"datePublished":"2024-10-24T06:18:26+00:00","dateModified":"2025-05-22T04:54:40+00:00","breadcrumb":{"@id":"https:\/\/test.newcreationtv.org\/es\/articulos\/#breadcrumb"},"inLanguage":"en-US","potentialAction":[{"@type":"ReadAction","target":["https:\/\/test.newcreationtv.org\/es\/articulos\/"]}]},{"@type":"BreadcrumbList","@id":"https:\/\/test.newcreationtv.org\/es\/articulos\/#breadcrumb","itemListElement":[{"@type":"ListItem","position":1,"name":"Home","item":"https:\/\/test.newcreationtv.org\/es\/"},{"@type":"ListItem","position":2,"name":"Art\u00edculos"}]},{"@type":"WebSite","@id":"https:\/\/test.newcreationtv.org\/es\/#website","url":"https:\/\/test.newcreationtv.org\/es\/","name":"New Creation TV Espa\u00f1ol","description":"","potentialAction":[{"@type":"SearchAction","target":{"@type":"EntryPoint","urlTemplate":"https:\/\/test.newcreationtv.org\/es\/?s={search_term_string}"},"query-input":{"@type":"PropertyValueSpecification","valueRequired":true,"valueName":"search_term_string"}}],"inLanguage":"en-US"}]}},"_links":{"self":[{"href":"https:\/\/test.newcreationtv.org\/es\/wp-json\/wp\/v2\/pages\/227","targetHints":{"allow":["GET"]}}],"collection":[{"href":"https:\/\/test.newcreationtv.org\/es\/wp-json\/wp\/v2\/pages"}],"about":[{"href":"https:\/\/test.newcreationtv.org\/es\/wp-json\/wp\/v2\/types\/page"}],"author":[{"embeddable":true,"href":"https:\/\/test.newcreationtv.org\/es\/wp-json\/wp\/v2\/users\/1"}],"replies":[{"embeddable":true,"href":"https:\/\/test.newcreationtv.org\/es\/wp-json\/wp\/v2\/comments?post=227"}],"version-history":[{"count":23,"href":"https:\/\/test.newcreationtv.org\/es\/wp-json\/wp\/v2\/pages\/227\/revisions"}],"predecessor-version":[{"id":12221,"href":"https:\/\/test.newcreationtv.org\/es\/wp-json\/wp\/v2\/pages\/227\/revisions\/12221"}],"wp:attachment":[{"href":"https:\/\/test.newcreationtv.org\/es\/wp-json\/wp\/v2\/media?parent=227"}],"curies":[{"name":"wp","href":"https:\/\/api.w.org\/{rel}","templated":true}]}}