{"id":112,"date":"2024-10-23T02:01:04","date_gmt":"2024-10-23T02:01:04","guid":{"rendered":"https:\/\/test.newcreationtv.org\/es\/?page_id=112"},"modified":"2025-05-14T11:51:39","modified_gmt":"2025-05-14T03:51:39","slug":"condiciones-de-uso","status":"publish","type":"page","link":"https:\/\/test.newcreationtv.org\/es\/condiciones-de-uso\/","title":{"rendered":"Condiciones De Uso"},"content":{"rendered":"\t\t<div data-elementor-type=\"wp-page\" data-elementor-id=\"112\" class=\"elementor elementor-112\" data-elementor-post-type=\"page\">\n\t\t\t\t<div class=\"elementor-element elementor-element-e298608 e-flex e-con-boxed e-con e-parent\" data-id=\"e298608\" data-element_type=\"container\" data-e-type=\"container\">\n\t\t\t\t\t<div class=\"e-con-inner\">\n\t\t\t\t<div class=\"elementor-element elementor-element-029a9d5 elementor-widget elementor-widget-text-editor\" data-id=\"029a9d5\" data-element_type=\"widget\" data-e-type=\"widget\" data-widget_type=\"text-editor.default\">\n\t\t\t\t<div class=\"elementor-widget-container\">\n\t\t\t\t\t\t\t\t\t<div class=\"page-header text-center\"><h2 itemprop=\"headline\" class=\"text-theme-primary\">CONDICIONES DE USO<\/h2><\/div><p><\/p><h5><strong>Condiciones de uso<\/strong><\/h5><p>Gracias por utilizar los sitios web y aplicaciones web de Iglesia New Creation (&#8220;NCC&#8221;) (colectivamente, las &#8220;Plataformas&#8221;).<\/p><p>Al acceder y utilizar cualquier parte de las Plataformas, se considerar\u00e1 que has aceptado y est\u00e1s de acuerdo con los T\u00e9rminos y Condiciones de Uso (los &#8220;T\u00e9rminos y Condiciones&#8221;). Si no est\u00e1s de acuerdo con estos T\u00e9rminos y Condiciones, no utilices las Plataformas.<\/p><h5><strong>General<\/strong><\/h5><p>Las presentes Condiciones Generales podr\u00e1n ser modificadas peri\u00f3dicamente, y todos los cambios se reflejar\u00e1n en esta p\u00e1gina. Uso de las Plataformas despu\u00e9s de que se hayan publicado dichos cambios constituir\u00e1 aceptaci\u00f3n de los T\u00e9rminos y Condiciones modificados y de todos los cambios. Por lo tanto, debes leer atentamente esta p\u00e1gina cada vez que visites las Plataformas.<\/p><h5><strong>Restricciones de uso de los materiales<\/strong><\/h5><p>Las Plataformas son propiedad de NCC y est\u00e1n gestionadas por NCC. Los materiales de las Plataformas, incluyendo la informaci\u00f3n, ilustraciones, textos, v\u00eddeos, sonidos (en archivos de audio o de otro tipo), o im\u00e1genes, y su dise\u00f1o y disposici\u00f3n (colectivamente, los &#8220;Contenidos&#8221;) est\u00e1n protegidos por derechos de autor, marcas registradas y otras formas de derechos de propiedad. S\u00f3lo puedes acceder a estos Contenidos con fines personales y no comerciales. No puedes reproducir, republicar, modificar, copiar, imitar, transmitir, distribuir o utilizar de otra manera estos Contenidos sin el consentimiento previo por escrito de NCC.<\/p><p>No se te concede ninguna licencia o derecho ni acceso a las Plataformas y\/o el uso de las herramientas y servicios en l\u00ednea no debe interpretarse como una concesi\u00f3n, por implicaci\u00f3n, impedimento o de otra manera, de ninguna licencia o derecho para usar cualquiera de los Contenidos sin el consentimiento previo por escrito de NCC o del tercero pertinente propietario del derecho de propiedad del mismo.<\/p><h5><strong>Exclusi\u00f3n de garant\u00edas y responsabilidad<\/strong><\/h5><p>Los Contenidos disponibles en las Plataformas se proporcionan &#8220;tal cual&#8221;, sin garant\u00edas de ning\u00fan tipo. En la m\u00e1xima medida permitida por la ley, NCC renuncia expresamente a cualquier representaci\u00f3n y garant\u00eda, incluyendo y sin limitaci\u00f3n:<\/p><ul><li>En cuanto a la exactitud, correcci\u00f3n, fiabilidad, puntualidad, integridad, no infracci\u00f3n, comerciabilidad del t\u00edtulo e idoneidad para cualquier fin concreto;<\/li><li>Que los Contenidos puestos a disposici\u00f3n en las Plataformas estar\u00e1n libres de interrupciones o errores, o que cualquier defecto puede ser y\/o ser\u00e1 corregido; o que las Plataformas y\/o servidores est\u00e1n y estar\u00e1n libres de todo virus y\/u otros elementos perjudiciales; y<\/li><li>Que las Plataformas y\/o los Contenidos estar\u00e1n en todo momento disponibles y\/o accesibles.<\/li><\/ul><p>Tambi\u00e9n aceptas que NCC o cualquier contenido de terceros proporcionado no tendr\u00e1 absolutamente ninguna responsabilidad por cualquier reclamo, da\u00f1o o p\u00e9rdida de cualquier tipo y de cualquier naturaleza en relaci\u00f3n con el uso de las Plataformas, incluyendo y sin limitaci\u00f3n cualquier responsabilidad por cualquier reclamo, da\u00f1o o p\u00e9rdida sufrida en relaci\u00f3n cone el hardware, datos, informaci\u00f3n, contenidos y negocios resultantes de la Informaci\u00f3n o falta de la misma disponible en las Plataformas.<\/p><p>Bajo ninguna circunstancia NCC o cualquier tercero proveedor de contenidos ser\u00e1 responsable de cualquier fallo de funcionamiento, fallo del sistema, servidor o conexi\u00f3n, interrupci\u00f3n, defecto, error, omisi\u00f3n, retraso en la operaci\u00f3n o transmisi\u00f3n, violaci\u00f3n de la seguridad, c\u00f3digo malicioso, virus inform\u00e1tico o incapacidad o falta de disponibilidad de uso o acceso en relaci\u00f3n con acceso a las Plataformas, y\/o herramientas, y\/o servicios en l\u00ednea, incluso si NCC o los terceros proveedores de contenidos hubieran sido advertidos de la posibilidad de lo anterior.<\/p><h5><strong>Derecho de acceso<\/strong><\/h5><p>NCC puede, a su sola discreci\u00f3n, permitir a los usuarios de sus Plataformas anunciar, cargar, publicar, enviar o transmitir contenido, que puede incluir pero no limitarse a testimonios, fotos, escritos, videos o enlaces, en sus Plataformas. NCC se reserva el derecho de actualizar o modificar las Plataformas de vez en cuando. Adem\u00e1s, NCC se reserva todos los derechos de negar o restringir el acceso a las Plataformas a cualquier persona en particular, o de bloquear el acceso de una direcci\u00f3n de Internet en particular a las Plataformas, en cualquier momento, sin atribuir razones de ning\u00fan tipo o aviso previo.<\/p><p>Te comprometes a no:<\/p><ul><li>utilizar cualquier robot, ara\u00f1a, otro dispositivo autom\u00e1tico, o proceso manual para monitorear o copiar cualquier p\u00e1gina dentro de las Plataformas o los Contenidos sin el permiso previo por escrito de NCC;<\/li><li>utilizar cualquier dispositivo, software o rutina para interferir o intentar interferir en el correcto funcionamiento de las Plataformas; y\/o<\/li><li>tomar cualquier acci\u00f3n que imponga una carga irrazonable o desproporcionadamente grande en los servidores de NCC.<\/li><\/ul><h5><strong>Enlaces a otros sitios web<\/strong><\/h5><p>Las Plataformas contienen enlaces a otras p\u00e1ginas web que no son mantenidas por NCC. NCC no es responsable de los contenidos de esas p\u00e1ginas web y no ser\u00e1 responsable de ning\u00fan da\u00f1o o p\u00e9rdida derivada del acceso a esas p\u00e1ginas web. El seguimiento de estos enlaces y el acceso a estas p\u00e1ginas web enlazadas se realiza bajo su propia responsabilidad.<\/p><p>NCC se reserva el derecho de desactivar cualquier enlace o marco desde las Plataformas, y declina toda responsabilidad por el contenido disponible en cualquier otro sitio al que se acceda mediante enlaces hacia o desde las Plataformas.<\/p><h5><strong>Enlaces desde otros sitios web<\/strong><\/h5><p>Salvo lo dispuesto a continuaci\u00f3n, el almacenamiento en cach\u00e9 y los enlaces a, y el enmarcado de las Plataformas y cualquiera de los Contenidos est\u00e1n prohibidos.<\/p><p>Debes obtener permiso previo por escrito de NCC antes de enlazar a, o enmarcar, las Plataformas o cualquiera de los Contenidos. NCC se reserva el derecho de imponer condiciones al permitir cualquier enlace a, o enmarcar, las Plataformas o cualquiera de los Contenidos.<\/p><p>El hecho de enlazar o enmarcar las Plataformas o sus Contenidos constituye una aceptaci\u00f3n de estos T\u00e9rminos y Condiciones. Esto se considerar\u00e1 as\u00ed incluso despu\u00e9s de la publicaci\u00f3n de cualquier cambio o modificaci\u00f3n de las Condiciones. Si no aceptas estos T\u00e9rminos y Condiciones, debes dejar de enlazar o enmarcar las Plataformas o cualquiera de los Contenidos.<\/p><p>Bajo ninguna circunstancia se considerar\u00e1 que NCC est\u00e1 asociado o afiliado de alguna manera con cualquier marca registrada, logotipos, insignias u otros dispositivos utilizados en o que aparezcan en sitios web que se enlacen a las Plataformas o a los cuales se enlacen las Plataformas o se haga referencia en los Contenidos.<\/p><p>NCC se reserva el derecho de deshabilitar cualquier enlace hacia o desde, o marcos de cualquier sitio que contenga temas, nombres, material o informaci\u00f3n inapropiados, profanos, difamatorios, infractores, obscenos, indecentes o ilegales, o material o informaci\u00f3n que viole cualquier ley escrita, cualquier propiedad intelectual aplicable, derechos de propiedad, privacidad o publicidad.<\/p><h5><strong>Limitaci\u00f3n de responsabilidad<\/strong><\/h5><p>Bajo ninguna circunstancia NCC ser\u00e1 responsable por cualquier p\u00e9rdida o da\u00f1o, ya sea contractual, extracontractual o de otro tipo, derivado del uso o confianza en la Informaci\u00f3n de las Plataformas o de su uso de Internet en general.<a href=\"https:\/\/test.newcreationtv.org\/non-affiliation-statement.html\"><\/a><\/p>\t\t\t\t\t\t\t\t<\/div>\n\t\t\t\t<\/div>\n\t\t\t\t\t<\/div>\n\t\t\t\t<\/div>\n\t\t\t\t<\/div>\n\t\t","protected":false},"excerpt":{"rendered":"<p>CONDICIONES DE USO Condiciones de uso Gracias por utilizar los sitios web y aplicaciones web de Iglesia New Creation (&#8220;NCC&#8221;) (colectivamente, las &#8220;Plataformas&#8221;). Al acceder y utilizar cualquier parte de las Plataformas, se considerar\u00e1 que has aceptado y est\u00e1s de acuerdo con los T\u00e9rminos y Condiciones de Uso (los &#8220;T\u00e9rminos y Condiciones&#8221;). Si no est\u00e1s [&hellip;]<\/p>\n","protected":false},"author":1,"featured_media":0,"parent":0,"menu_order":0,"comment_status":"closed","ping_status":"closed","template":"","meta":{"footnotes":"","_links_to":"","_links_to_target":""},"class_list":["post-112","page","type-page","status-publish","hentry"],"yoast_head":"<!-- This site is optimized with the Yoast SEO plugin v26.1.1 - https:\/\/yoast.com\/wordpress\/plugins\/seo\/ -->\n<title>Condiciones De Uso - New Creation TV Espa\u00f1ol<\/title>\n<meta name=\"robots\" content=\"index, follow, max-snippet:-1, max-image-preview:large, max-video-preview:-1\" \/>\n<link rel=\"canonical\" href=\"https:\/\/test.newcreationtv.org\/es\/condiciones-de-uso\/\" \/>\n<meta property=\"og:locale\" content=\"en_US\" \/>\n<meta property=\"og:type\" content=\"article\" \/>\n<meta property=\"og:title\" content=\"Condiciones De Uso - New Creation TV Espa\u00f1ol\" \/>\n<meta property=\"og:description\" content=\"CONDICIONES DE USO Condiciones de uso Gracias por utilizar los sitios web y aplicaciones web de Iglesia New Creation (&#8220;NCC&#8221;) (colectivamente, las &#8220;Plataformas&#8221;). Al acceder y utilizar cualquier parte de las Plataformas, se considerar\u00e1 que has aceptado y est\u00e1s de acuerdo con los T\u00e9rminos y Condiciones de Uso (los &#8220;T\u00e9rminos y Condiciones&#8221;). Si no est\u00e1s [&hellip;]\" \/>\n<meta property=\"og:url\" content=\"https:\/\/test.newcreationtv.org\/es\/condiciones-de-uso\/\" \/>\n<meta property=\"og:site_name\" content=\"New Creation TV Espa\u00f1ol\" \/>\n<meta property=\"article:modified_time\" content=\"2025-05-14T03:51:39+00:00\" \/>\n<meta name=\"twitter:card\" content=\"summary_large_image\" \/>\n<meta name=\"twitter:label1\" content=\"Est. reading time\" \/>\n\t<meta name=\"twitter:data1\" content=\"6 minutes\" \/>\n<script type=\"application\/ld+json\" class=\"yoast-schema-graph\">{\"@context\":\"https:\/\/schema.org\",\"@graph\":[{\"@type\":\"WebPage\",\"@id\":\"https:\/\/test.newcreationtv.org\/es\/condiciones-de-uso\/\",\"url\":\"https:\/\/test.newcreationtv.org\/es\/condiciones-de-uso\/\",\"name\":\"Condiciones De Uso - New Creation TV Espa\u00f1ol\",\"isPartOf\":{\"@id\":\"https:\/\/test.newcreationtv.org\/es\/#website\"},\"datePublished\":\"2024-10-23T02:01:04+00:00\",\"dateModified\":\"2025-05-14T03:51:39+00:00\",\"breadcrumb\":{\"@id\":\"https:\/\/test.newcreationtv.org\/es\/condiciones-de-uso\/#breadcrumb\"},\"inLanguage\":\"en-US\",\"potentialAction\":[{\"@type\":\"ReadAction\",\"target\":[\"https:\/\/test.newcreationtv.org\/es\/condiciones-de-uso\/\"]}]},{\"@type\":\"BreadcrumbList\",\"@id\":\"https:\/\/test.newcreationtv.org\/es\/condiciones-de-uso\/#breadcrumb\",\"itemListElement\":[{\"@type\":\"ListItem\",\"position\":1,\"name\":\"Home\",\"item\":\"https:\/\/test.newcreationtv.org\/es\/\"},{\"@type\":\"ListItem\",\"position\":2,\"name\":\"Condiciones De Uso\"}]},{\"@type\":\"WebSite\",\"@id\":\"https:\/\/test.newcreationtv.org\/es\/#website\",\"url\":\"https:\/\/test.newcreationtv.org\/es\/\",\"name\":\"New Creation TV Espa\u00f1ol\",\"description\":\"\",\"potentialAction\":[{\"@type\":\"SearchAction\",\"target\":{\"@type\":\"EntryPoint\",\"urlTemplate\":\"https:\/\/test.newcreationtv.org\/es\/?s={search_term_string}\"},\"query-input\":{\"@type\":\"PropertyValueSpecification\",\"valueRequired\":true,\"valueName\":\"search_term_string\"}}],\"inLanguage\":\"en-US\"}]}<\/script>\n<!-- \/ Yoast SEO plugin. -->","yoast_head_json":{"title":"Condiciones De Uso - New Creation TV Espa\u00f1ol","robots":{"index":"index","follow":"follow","max-snippet":"max-snippet:-1","max-image-preview":"max-image-preview:large","max-video-preview":"max-video-preview:-1"},"canonical":"https:\/\/test.newcreationtv.org\/es\/condiciones-de-uso\/","og_locale":"en_US","og_type":"article","og_title":"Condiciones De Uso - New Creation TV Espa\u00f1ol","og_description":"CONDICIONES DE USO Condiciones de uso Gracias por utilizar los sitios web y aplicaciones web de Iglesia New Creation (&#8220;NCC&#8221;) (colectivamente, las &#8220;Plataformas&#8221;). Al acceder y utilizar cualquier parte de las Plataformas, se considerar\u00e1 que has aceptado y est\u00e1s de acuerdo con los T\u00e9rminos y Condiciones de Uso (los &#8220;T\u00e9rminos y Condiciones&#8221;). Si no est\u00e1s [&hellip;]","og_url":"https:\/\/test.newcreationtv.org\/es\/condiciones-de-uso\/","og_site_name":"New Creation TV Espa\u00f1ol","article_modified_time":"2025-05-14T03:51:39+00:00","twitter_card":"summary_large_image","twitter_misc":{"Est. reading time":"6 minutes"},"schema":{"@context":"https:\/\/schema.org","@graph":[{"@type":"WebPage","@id":"https:\/\/test.newcreationtv.org\/es\/condiciones-de-uso\/","url":"https:\/\/test.newcreationtv.org\/es\/condiciones-de-uso\/","name":"Condiciones De Uso - New Creation TV Espa\u00f1ol","isPartOf":{"@id":"https:\/\/test.newcreationtv.org\/es\/#website"},"datePublished":"2024-10-23T02:01:04+00:00","dateModified":"2025-05-14T03:51:39+00:00","breadcrumb":{"@id":"https:\/\/test.newcreationtv.org\/es\/condiciones-de-uso\/#breadcrumb"},"inLanguage":"en-US","potentialAction":[{"@type":"ReadAction","target":["https:\/\/test.newcreationtv.org\/es\/condiciones-de-uso\/"]}]},{"@type":"BreadcrumbList","@id":"https:\/\/test.newcreationtv.org\/es\/condiciones-de-uso\/#breadcrumb","itemListElement":[{"@type":"ListItem","position":1,"name":"Home","item":"https:\/\/test.newcreationtv.org\/es\/"},{"@type":"ListItem","position":2,"name":"Condiciones De Uso"}]},{"@type":"WebSite","@id":"https:\/\/test.newcreationtv.org\/es\/#website","url":"https:\/\/test.newcreationtv.org\/es\/","name":"New Creation TV Espa\u00f1ol","description":"","potentialAction":[{"@type":"SearchAction","target":{"@type":"EntryPoint","urlTemplate":"https:\/\/test.newcreationtv.org\/es\/?s={search_term_string}"},"query-input":{"@type":"PropertyValueSpecification","valueRequired":true,"valueName":"search_term_string"}}],"inLanguage":"en-US"}]}},"_links":{"self":[{"href":"https:\/\/test.newcreationtv.org\/es\/wp-json\/wp\/v2\/pages\/112","targetHints":{"allow":["GET"]}}],"collection":[{"href":"https:\/\/test.newcreationtv.org\/es\/wp-json\/wp\/v2\/pages"}],"about":[{"href":"https:\/\/test.newcreationtv.org\/es\/wp-json\/wp\/v2\/types\/page"}],"author":[{"embeddable":true,"href":"https:\/\/test.newcreationtv.org\/es\/wp-json\/wp\/v2\/users\/1"}],"replies":[{"embeddable":true,"href":"https:\/\/test.newcreationtv.org\/es\/wp-json\/wp\/v2\/comments?post=112"}],"version-history":[{"count":93,"href":"https:\/\/test.newcreationtv.org\/es\/wp-json\/wp\/v2\/pages\/112\/revisions"}],"predecessor-version":[{"id":11509,"href":"https:\/\/test.newcreationtv.org\/es\/wp-json\/wp\/v2\/pages\/112\/revisions\/11509"}],"wp:attachment":[{"href":"https:\/\/test.newcreationtv.org\/es\/wp-json\/wp\/v2\/media?parent=112"}],"curies":[{"name":"wp","href":"https:\/\/api.w.org\/{rel}","templated":true}]}}